{"id":951,"date":"2021-02-11T10:13:38","date_gmt":"2021-02-11T07:13:38","guid":{"rendered":"https:\/\/www.koklucemakina.com\/fr\/?page_id=951"},"modified":"2021-02-23T07:44:38","modified_gmt":"2021-02-23T04:44:38","slug":"voie-de-la-machine","status":"publish","type":"page","link":"https:\/\/www.koklucemakina.com\/fr\/voie-de-la-machine\/","title":{"rendered":"Voie de la machine"},"content":{"rendered":"\n<div class=\"wp-block-safirtema-mainheading mainHeading\"><div class=\"inner\"><div class=\"icon safiricon \"><\/div><div class=\"text\"><\/div><\/div><\/div>\n\n\n\n<table id=\"tablepress-1\" class=\"tablepress tablepress-id-1\">\n<thead>\n<tr class=\"row-1 odd\">\n\t<th class=\"column-1\">S\u00c9QUENCE NON<\/th><th class=\"column-2\">MOD\u00c8LE DE MARQUE<\/th><th class=\"column-3\">LA DESCRIPTION<\/th><th class=\"column-4\">PUISSANCE ET CAPACIT\u00c9<\/th><th class=\"column-5\">DATE DE PRODUCTION<\/th><th class=\"column-6\">QUANTIT\u00c9<\/th>\n<\/tr>\n<\/thead>\n<tbody class=\"row-hover\">\n<tr class=\"row-2 even\">\n\t<td class=\"column-1\">1<\/td><td class=\"column-2\">INSTALLATION CATAPHOREZ<\/td><td class=\"column-3\">REV\u00caTEMENT CATAPHOREZ<\/td><td class=\"column-4\">2m*2m*3m EBATLARINDA SEPET \u00d6L\u00c7\u00dcLER\u0130 500kW<\/td><td class=\"column-5\">2018<\/td><td class=\"column-6\">1<\/td>\n<\/tr>\n<tr class=\"row-3 odd\">\n\t<td class=\"column-1\">2<\/td><td class=\"column-2\">USINE DE PEINTURE<\/td><td class=\"column-3\">PEINTURE D'\u00c2GE<\/td><td class=\"column-4\">2m*2m*3m EBATLARINDA SEPET \u00d6L\u00c7\u00dcLER\u0130 250kW<\/td><td class=\"column-5\">2018<\/td><td class=\"column-6\">1<\/td>\n<\/tr>\n<tr class=\"row-4 even\">\n\t<td class=\"column-1\">3<\/td><td class=\"column-2\">INSTALLATION DE PRODUCTION D'EAU DI<\/td><td class=\"column-3\">PRODUIRE DE L'EAU IONIS\u00c9E<\/td><td class=\"column-4\">6ton\/saat max20\u03bcS  20kW<\/td><td class=\"column-5\">2018<\/td><td class=\"column-6\">1<\/td>\n<\/tr>\n<tr class=\"row-5 odd\">\n\t<td class=\"column-1\">4<\/td><td class=\"column-2\">AKSA APD 110C<\/td><td class=\"column-3\">G\u00c9N\u00c9RATEUR DIESEL<\/td><td class=\"column-4\">100kVA  80kW<\/td><td class=\"column-5\">2017<\/td><td class=\"column-6\">1<\/td>\n<\/tr>\n<tr class=\"row-6 even\">\n\t<td class=\"column-1\">5<\/td><td class=\"column-2\">SAT 3000 3000 ATN6<\/td><td class=\"column-3\">MACHINE DE SABLAGE DE TYPE SUSPENDU<\/td><td class=\"column-4\">73kW\/h   3000*3000 <\/td><td class=\"column-5\">2020<\/td><td class=\"column-6\">1<\/td>\n<\/tr>\n<tr class=\"row-7 odd\">\n\t<td class=\"column-1\">6<\/td><td class=\"column-2\">BYSTRONIC BYSTAR F\u0130BER 3015<\/td><td class=\"column-3\">MACHINE \u00c0 D\u00c9COUPER AU LASER<\/td><td class=\"column-4\">12.000W TABLA 1500*3000<\/td><td class=\"column-5\">2021<\/td><td class=\"column-6\">1<\/td>\n<\/tr>\n<tr class=\"row-8 even\">\n\t<td class=\"column-1\">7<\/td><td class=\"column-2\">BYSTRONIC BYSPRINT 3015<\/td><td class=\"column-3\">MACHINE \u00c0 D\u00c9COUPER AU LASER<\/td><td class=\"column-4\">6.000W TABLA 1500*3000<\/td><td class=\"column-5\">2017<\/td><td class=\"column-6\">1<\/td>\n<\/tr>\n<tr class=\"row-9 odd\">\n\t<td class=\"column-1\">8<\/td><td class=\"column-2\">BYSTRONIC BYSTAR 3015<\/td><td class=\"column-3\">MACHINE \u00c0 D\u00c9COUPER AU LASER<\/td><td class=\"column-4\">6.000W TABLA 1500*3000<\/td><td class=\"column-5\">2013<\/td><td class=\"column-6\">1<\/td>\n<\/tr>\n<tr class=\"row-10 even\">\n\t<td class=\"column-1\">9<\/td><td class=\"column-2\">BYSTRONIC BYSTAR 3015<\/td><td class=\"column-3\">MACHINE \u00c0 D\u00c9COUPER AU LASER<\/td><td class=\"column-4\">4.400W TABLA 1500*3000<\/td><td class=\"column-5\">2008<\/td><td class=\"column-6\">1<\/td>\n<\/tr>\n<tr class=\"row-11 odd\">\n\t<td class=\"column-1\">10<\/td><td class=\"column-2\">BYSTRONIC BYSPEED 3015 <\/td><td class=\"column-3\">MACHINE \u00c0 D\u00c9COUPER AU LASER<\/td><td class=\"column-4\">5.200W TABLA 1500*3000<\/td><td class=\"column-5\">2004<\/td><td class=\"column-6\">1<\/td>\n<\/tr>\n<tr class=\"row-12 even\">\n\t<td class=\"column-1\">11<\/td><td class=\"column-2\">DURMA AD-S 40400<\/td><td class=\"column-3\">MACHINE ABKANT CNC<\/td><td class=\"column-4\">400ton  4m <\/td><td class=\"column-5\">2014<\/td><td class=\"column-6\">1<\/td>\n<\/tr>\n<tr class=\"row-13 odd\">\n\t<td class=\"column-1\">12<\/td><td class=\"column-2\">DURMA AD-Servo 30220<\/td><td class=\"column-3\">MACHINE ABKANT CNC<\/td><td class=\"column-4\">220ton  3m<\/td><td class=\"column-5\">2020<\/td><td class=\"column-6\">1<\/td>\n<\/tr>\n<tr class=\"row-14 even\">\n\t<td class=\"column-1\">13<\/td><td class=\"column-2\">DURMA AD-Servo 30220<\/td><td class=\"column-3\">MACHINE ABKANT CNC<\/td><td class=\"column-4\">220ton  3m<\/td><td class=\"column-5\">2017<\/td><td class=\"column-6\">1<\/td>\n<\/tr>\n<tr class=\"row-15 odd\">\n\t<td class=\"column-1\">14<\/td><td class=\"column-2\">DURMA AD-S 30175<\/td><td class=\"column-3\">MACHINE ABKANT CNC<\/td><td class=\"column-4\">175ton  3m<\/td><td class=\"column-5\">2006<\/td><td class=\"column-6\">1<\/td>\n<\/tr>\n<tr class=\"row-16 even\">\n\t<td class=\"column-1\">15<\/td><td class=\"column-2\">DURMA AD-S 2060<\/td><td class=\"column-3\">MACHINE ABKANT CNC<\/td><td class=\"column-4\">60ton  2m<\/td><td class=\"column-5\">2007<\/td><td class=\"column-6\">1<\/td>\n<\/tr>\n<tr class=\"row-17 odd\">\n\t<td class=\"column-1\">16<\/td><td class=\"column-2\">CEMATEK CMT-AP30<\/td><td class=\"column-3\">MACHINE ABKANT NC <\/td><td class=\"column-4\">30ton  1m<\/td><td class=\"column-5\">2007<\/td><td class=\"column-6\">1<\/td>\n<\/tr>\n<tr class=\"row-18 even\">\n\t<td class=\"column-1\">17<\/td><td class=\"column-2\">DURMA VS-3013<\/td><td class=\"column-3\">CISAILLE \u00c0 GUILLOTINE HYDRAULIQUE CNC<\/td><td class=\"column-4\">13mm KESEB\u0130L\u0130R 30kW<\/td><td class=\"column-5\">2007<\/td><td class=\"column-6\">1<\/td>\n<\/tr>\n<tr class=\"row-19 odd\">\n\t<td class=\"column-1\">18<\/td><td class=\"column-2\">DURMA MS-3004<\/td><td class=\"column-3\">NC CISAILLE HYDRAULIQUE GIATIN<\/td><td class=\"column-4\">4mm KESEB\u0130L\u0130R 7,5kW<\/td><td class=\"column-5\">2006<\/td><td class=\"column-6\">1<\/td>\n<\/tr>\n<tr class=\"row-20 even\">\n\t<td class=\"column-1\">19<\/td><td class=\"column-2\">DURMA IW-110\/180BTD<\/td><td class=\"column-3\">CISEAUX HYDRAULIQUES COMBIN\u00c9S<\/td><td class=\"column-4\">11kW <\/td><td class=\"column-5\">2008<\/td><td class=\"column-6\">1<\/td>\n<\/tr>\n<tr class=\"row-21 odd\">\n\t<td class=\"column-1\">20<\/td><td class=\"column-2\">AKYAPAK AHS 20\/08 <\/td><td class=\"column-3\">CYLINDRE HYDRAULIQUE \u00c0 4 ROULEAUX<\/td><td class=\"column-4\">?210*8*2100 7,5kW<\/td><td class=\"column-5\">2014<\/td><td class=\"column-6\">1<\/td>\n<\/tr>\n<tr class=\"row-22 even\">\n\t<td class=\"column-1\">21<\/td><td class=\"column-2\">SAH\u0130NLER H400 <\/td><td class=\"column-3\">CYLINDRE HYDRAULIQUE \u00c0 4 ROULEAUX<\/td><td class=\"column-4\">400ton  TABLA 1000mm*1000mm<\/td><td class=\"column-5\">1998<\/td><td class=\"column-6\">1<\/td>\n<\/tr>\n<tr class=\"row-23 odd\">\n\t<td class=\"column-1\">22<\/td><td class=\"column-2\">HIDROLIKSAN HD100<\/td><td class=\"column-3\">PRESSE BOULONN\u00c9E<\/td><td class=\"column-4\">100ton  4kW<\/td><td class=\"column-5\">2016<\/td><td class=\"column-6\">1<\/td>\n<\/tr>\n<tr class=\"row-24 even\">\n\t<td class=\"column-1\">23<\/td><td class=\"column-2\">HIDROLIKSAN HD100<\/td><td class=\"column-3\">PRESSE BOULONN\u00c9E<\/td><td class=\"column-4\">100ton  4kW<\/td><td class=\"column-5\">2014<\/td><td class=\"column-6\">1<\/td>\n<\/tr>\n<tr class=\"row-25 odd\">\n\t<td class=\"column-1\">24<\/td><td class=\"column-2\">HIDROLIKSAN HD100<\/td><td class=\"column-3\">PRESSE BOULONN\u00c9E<\/td><td class=\"column-4\">100ton  4kW<\/td><td class=\"column-5\">1998<\/td><td class=\"column-6\">1<\/td>\n<\/tr>\n<tr class=\"row-26 even\">\n\t<td class=\"column-1\">25<\/td><td class=\"column-2\">DOGANER DMS180<\/td><td class=\"column-3\">MACHINE DE PLIAGE DE TUYAU CNC<\/td><td class=\"column-4\">\u00d8140*5 veya 120*120*5 75kW<\/td><td class=\"column-5\">2008<\/td><td class=\"column-6\">1<\/td>\n<\/tr>\n<tr class=\"row-27 odd\">\n\t<td class=\"column-1\">26<\/td><td class=\"column-2\">DOGANER DMS60 <\/td><td class=\"column-3\">MACHINE DE PLIAGE DE TUYAU CNC<br \/>\n<\/td><td class=\"column-4\">\u00d860*3 veya 50*50*3  7,5kW<\/td><td class=\"column-5\">2017<\/td><td class=\"column-6\">1<\/td>\n<\/tr>\n<tr class=\"row-28 even\">\n\t<td class=\"column-1\">27<\/td><td class=\"column-2\">KOKLUCE MBM42<\/td><td class=\"column-3\">Machine \u00e0 cintrer les tubes NC CORE<br \/>\n<\/td><td class=\"column-4\">\u00d842*3 veya 40*40*3  1,1kW<\/td><td class=\"column-5\">2007<\/td><td class=\"column-6\">1<\/td>\n<\/tr>\n<tr class=\"row-29 odd\">\n\t<td class=\"column-1\">28<\/td><td class=\"column-2\">SAHINLER HPK-80 <\/td><td class=\"column-3\">MACHINE \u00c0 PLIER \u00c0 3 BILLES NC<br \/>\n<\/td><td class=\"column-4\">\u00d880*4  4kW<\/td><td class=\"column-5\">2004<\/td><td class=\"column-6\">1<\/td>\n<\/tr>\n<tr class=\"row-30 even\">\n\t<td class=\"column-1\">29<\/td><td class=\"column-2\">SAHINLER HPK-50<\/td><td class=\"column-3\">MACHINE \u00c0 PLIER \u00c0 3 BILLES NC<br \/>\n<\/td><td class=\"column-4\">\u00d850*4  1,1kW<\/td><td class=\"column-5\">2007<\/td><td class=\"column-6\">1<\/td>\n<\/tr>\n<tr class=\"row-31 odd\">\n\t<td class=\"column-1\">30<\/td><td class=\"column-2\">KARMETAL 220-KDG<\/td><td class=\"column-3\">SCIE \u00c0 RUBAN<\/td><td class=\"column-4\">\u00d8220  1,5kW<\/td><td class=\"column-5\">2002<\/td><td class=\"column-6\">3<\/td>\n<\/tr>\n<tr class=\"row-32 even\">\n\t<td class=\"column-1\">31<\/td><td class=\"column-2\">KARMETAL 285 SPECIAL<\/td><td class=\"column-3\">SCIE \u00c0 RUBAN<\/td><td class=\"column-4\">\u00d8285  1,1kW<\/td><td class=\"column-5\">1998<\/td><td class=\"column-6\">1<\/td>\n<\/tr>\n<tr class=\"row-33 odd\">\n\t<td class=\"column-1\">32<\/td><td class=\"column-2\">KESMAK KE280<\/td><td class=\"column-3\">SCIE \u00c0 RUBAN<\/td><td class=\"column-4\">\u00d8280  2,5kW<\/td><td class=\"column-5\">2004<\/td><td class=\"column-6\">1<\/td>\n<\/tr>\n<tr class=\"row-34 even\">\n\t<td class=\"column-1\">33<\/td><td class=\"column-2\">MEKOR 111<\/td><td class=\"column-3\">MACHINE DE COUPE \u00c0 OXYG\u00c8NE COPY<\/td><td class=\"column-4\">120mm KESEB\u0130L\u0130R<\/td><td class=\"column-5\">2006<\/td><td class=\"column-6\">1<\/td>\n<\/tr>\n<tr class=\"row-35 odd\">\n\t<td class=\"column-1\">34<\/td><td class=\"column-2\">ARION IMM 1400<\/td><td class=\"column-3\">CENTRE D'USINAGE VERTICAL<\/td><td class=\"column-4\">TABLA1400*600 15kW<\/td><td class=\"column-5\">2020<\/td><td class=\"column-6\">1<\/td>\n<\/tr>\n<tr class=\"row-36 even\">\n\t<td class=\"column-1\">35<\/td><td class=\"column-2\">EK\u00c7EL\u0130K DK13<\/td><td class=\"column-3\">GUIDE MACHINE<\/td><td class=\"column-4\">0,55kW<\/td><td class=\"column-5\">1998-2002<\/td><td class=\"column-6\">2<\/td>\n<\/tr>\n<tr class=\"row-37 odd\">\n\t<td class=\"column-1\">36<\/td><td class=\"column-2\">RETOSAN RM23<\/td><td class=\"column-3\">GUIDE MACHINE<\/td><td class=\"column-4\">2,2kW<\/td><td class=\"column-5\">2006<\/td><td class=\"column-6\">1<\/td>\n<\/tr>\n<tr class=\"row-38 even\">\n\t<td class=\"column-1\">37<\/td><td class=\"column-2\">ACROBAT HUK2000 HMS<\/td><td class=\"column-3\">MACHINE DE GUIDE HYDRAULIQUE<\/td><td class=\"column-4\">M5-M16  3kW<\/td><td class=\"column-5\">2014<\/td><td class=\"column-6\">1<\/td>\n<\/tr>\n<tr class=\"row-39 odd\">\n\t<td class=\"column-1\">38<\/td><td class=\"column-2\">RETOSAN RM35-ES<\/td><td class=\"column-3\">PERCEUSE<\/td><td class=\"column-4\">2,2kW<\/td><td class=\"column-5\">2006<\/td><td class=\"column-6\">1<\/td>\n<\/tr>\n<tr class=\"row-40 even\">\n\t<td class=\"column-1\">39<\/td><td class=\"column-2\">TEZSAN M35-ES<\/td><td class=\"column-3\">PERCEUSE<\/td><td class=\"column-4\">2,2kW<\/td><td class=\"column-5\">1998<\/td><td class=\"column-6\">2<\/td>\n<\/tr>\n<tr class=\"row-41 odd\">\n\t<td class=\"column-1\">40<\/td><td class=\"column-2\">H?RSAN D15<\/td><td class=\"column-3\">PERCEUSE<\/td><td class=\"column-4\">0,72kW<\/td><td class=\"column-5\">2005<\/td><td class=\"column-6\">1<\/td>\n<\/tr>\n<tr class=\"row-42 even\">\n\t<td class=\"column-1\">41<\/td><td class=\"column-2\">TEZSAN M15<\/td><td class=\"column-3\">PERCEUSE<\/td><td class=\"column-4\">0,72kW<\/td><td class=\"column-5\">1997-1998<\/td><td class=\"column-6\">2<\/td>\n<\/tr>\n<tr class=\"row-43 odd\">\n\t<td class=\"column-1\">42<\/td><td class=\"column-2\">RETOSAN RRT-42I<\/td><td class=\"column-3\">MACHINE \u00c0 TOUR ROVELVER<\/td><td class=\"column-4\">4kW<\/td><td class=\"column-5\">2005<\/td><td class=\"column-6\">1<\/td>\n<\/tr>\n<tr class=\"row-44 even\">\n\t<td class=\"column-1\">43<\/td><td class=\"column-2\">SN 50 C TRANS<\/td><td class=\"column-3\">TOUR<\/td><td class=\"column-4\">4,3kW<\/td><td class=\"column-5\">2004<\/td><td class=\"column-6\">1<\/td>\n<\/tr>\n<tr class=\"row-45 odd\">\n\t<td class=\"column-1\">44<\/td><td class=\"column-2\">FIRST LC 205 VHN<\/td><td class=\"column-3\">MOULAGE UNIVERSEL FRAISAGE<\/td><td class=\"column-4\">5,96kW<\/td><td class=\"column-5\">2005<\/td><td class=\"column-6\">1<\/td>\n<\/tr>\n<tr class=\"row-46 even\">\n\t<td class=\"column-1\">45<\/td><td class=\"column-2\">ATLAS COPCO GA45VSD+<\/td><td class=\"column-3\">COMPRESSEUR \u00c0 VIS<\/td><td class=\"column-4\">45kW<\/td><td class=\"column-5\">2017<\/td><td class=\"column-6\">1<\/td>\n<\/tr>\n<tr class=\"row-47 odd\">\n\t<td class=\"column-1\">46<\/td><td class=\"column-2\">ATLAS COPCO GA37VSD<\/td><td class=\"column-3\">COMPRESSEUR \u00c0 VIS<\/td><td class=\"column-4\">37kW<\/td><td class=\"column-5\">2013<\/td><td class=\"column-6\">1<\/td>\n<\/tr>\n<tr class=\"row-48 even\">\n\t<td class=\"column-1\">47<\/td><td class=\"column-2\">TECOM S460LI<\/td><td class=\"column-3\">COMPRESSEUR \u00c0 VIS<\/td><td class=\"column-4\">37kW<\/td><td class=\"column-5\">2011<\/td><td class=\"column-6\">1<\/td>\n<\/tr>\n<tr class=\"row-49 odd\">\n\t<td class=\"column-1\">48<\/td><td class=\"column-2\">DALGAKIRAN AR15<\/td><td class=\"column-3\">COMPRESSEUR \u00c0 VIS<\/td><td class=\"column-4\">15kW<\/td><td class=\"column-5\">2018<\/td><td class=\"column-6\">1<\/td>\n<\/tr>\n<tr class=\"row-50 even\">\n\t<td class=\"column-1\">49<\/td><td class=\"column-2\">KUKA KR8 R2100 ARC HW<\/td><td class=\"column-3\">ROBOT DE SOUDAGE<\/td><td class=\"column-4\">320A<\/td><td class=\"column-5\">2020<\/td><td class=\"column-6\">1<\/td>\n<\/tr>\n<tr class=\"row-51 odd\">\n\t<td class=\"column-1\">50<\/td><td class=\"column-2\">KUKA KR8 R2100 ARC HW<\/td><td class=\"column-3\">ROBOT DE SOUDAGE<\/td><td class=\"column-4\">320A<\/td><td class=\"column-5\">2019<\/td><td class=\"column-6\">1<\/td>\n<\/tr>\n<tr class=\"row-52 even\">\n\t<td class=\"column-1\">51<\/td><td class=\"column-2\">PANASONIC TM2000 G3<\/td><td class=\"column-3\">ROBOT DE SOUDAGE<\/td><td class=\"column-4\">350A<\/td><td class=\"column-5\">2020<\/td><td class=\"column-6\">1<\/td>\n<\/tr>\n<tr class=\"row-53 odd\">\n\t<td class=\"column-1\">52<\/td><td class=\"column-2\">PANASONIC TM2000 G3<\/td><td class=\"column-3\">ROBOT DE SOUDAGE<\/td><td class=\"column-4\">350A<\/td><td class=\"column-5\">2018<\/td><td class=\"column-6\">1<\/td>\n<\/tr>\n<tr class=\"row-54 even\">\n\t<td class=\"column-1\">53<\/td><td class=\"column-2\">PANASONIC TM2000 G3<\/td><td class=\"column-3\">ROBOT DE SOUDAGE<\/td><td class=\"column-4\">350A<\/td><td class=\"column-5\">2017<\/td><td class=\"column-6\">1<\/td>\n<\/tr>\n<tr class=\"row-55 odd\">\n\t<td class=\"column-1\">54<\/td><td class=\"column-2\">PANASONIC TL2000 WG3<\/td><td class=\"column-3\">ROBOT DE SOUDAGE<\/td><td class=\"column-4\">350A<\/td><td class=\"column-5\">2016<\/td><td class=\"column-6\">1<\/td>\n<\/tr>\n<tr class=\"row-56 even\">\n\t<td class=\"column-1\">55<\/td><td class=\"column-2\">PANASONIC TL2000 G3<\/td><td class=\"column-3\">ROBOT DE SOUDAGE<\/td><td class=\"column-4\">350A<\/td><td class=\"column-5\">2015<\/td><td class=\"column-6\">1<\/td>\n<\/tr>\n<tr class=\"row-57 odd\">\n\t<td class=\"column-1\">56<\/td><td class=\"column-2\">PANASONIC TL2000 G3<\/td><td class=\"column-3\">ROBOT DE SOUDAGE<\/td><td class=\"column-4\">500A<\/td><td class=\"column-5\">2014<\/td><td class=\"column-6\">1<\/td>\n<\/tr>\n<tr class=\"row-58 even\">\n\t<td class=\"column-1\">57<\/td><td class=\"column-2\">PANASONIC TA1900 G3<\/td><td class=\"column-3\">ROBOT DE SOUDAGE<\/td><td class=\"column-4\">350A<\/td><td class=\"column-5\">2012<\/td><td class=\"column-6\">1<\/td>\n<\/tr>\n<tr class=\"row-59 odd\">\n\t<td class=\"column-1\">58<\/td><td class=\"column-2\">MIG-MAG KAYNAK MAK\u0130NES\u0130<\/td><td class=\"column-3\">MACHINE \u00c0 SOUDER MANUELLE<\/td><td class=\"column-4\">240A-500A<\/td><td class=\"column-5\">1997-2020<\/td><td class=\"column-6\">110<\/td>\n<\/tr>\n<tr class=\"row-60 even\">\n\t<td class=\"column-1\">59<\/td><td class=\"column-2\">SIFF SP22<\/td><td class=\"column-3\">MACHINE DE SOUDAGE PAR POINTS<\/td><td class=\"column-4\">50kW<\/td><td class=\"column-5\">1997<\/td><td class=\"column-6\">1<\/td>\n<\/tr>\n<tr class=\"row-61 odd\">\n\t<td class=\"column-1\">60<\/td><td class=\"column-2\">ROMER ABSOLUTE ARM 7540<\/td><td class=\"column-3\">BRAS DE MESURE<\/td><td class=\"column-4\">4m<\/td><td class=\"column-5\">2011<\/td><td class=\"column-6\">1<\/td>\n<\/tr>\n<tr class=\"row-62 even\">\n\t<td class=\"column-1\">61<\/td><td class=\"column-2\">ROMER ABSOLUTE ARM 7545<\/td><td class=\"column-3\">BRAS DE MESURE<\/td><td class=\"column-4\">4,5m<\/td><td class=\"column-5\">2018<\/td><td class=\"column-6\">1<\/td>\n<\/tr>\n<tr class=\"row-63 odd\">\n\t<td class=\"column-1\">62<\/td><td class=\"column-2\">LABORATOIRE DE SOUDAGE<\/td><td class=\"column-3\"><\/td><td class=\"column-4\"><\/td><td class=\"column-5\">DIVERS<\/td><td class=\"column-6\">DIVERS<\/td>\n<\/tr>\n<tr class=\"row-64 even\">\n\t<td class=\"column-1\">63<\/td><td class=\"column-2\">GRUES<\/td><td class=\"column-3\">GRUES DE PLAFOND GRUES DE PORTAIL<\/td><td class=\"column-4\">10ton-0,5ton<\/td><td class=\"column-5\">DIVERS<\/td><td class=\"column-6\">DIVERS<\/td>\n<\/tr>\n<tr class=\"row-65 odd\">\n\t<td class=\"column-1\">64<\/td><td class=\"column-2\">CHARIOTS \u00c9L\u00c9VATEURS<\/td><td class=\"column-3\">CHARIOTS \u00c9L\u00c9VATEURS DIESEL<\/td><td class=\"column-4\">7ton-0,5ton<\/td><td class=\"column-5\">DIVERS<\/td><td class=\"column-6\">6<\/td>\n<\/tr>\n<tr class=\"row-66 even\">\n\t<td class=\"column-1\">65<\/td><td class=\"column-2\">NETL\u0130FT NL-PSE 1236 <\/td><td class=\"column-3\">MACHINE \u00c0 EMPILER<\/td><td class=\"column-4\">1,2ton<\/td><td class=\"column-5\">-<\/td><td class=\"column-6\">5<\/td>\n<\/tr>\n<\/tbody>\n<\/table>\n\n\n\n\n<p><\/p>\n","protected":false},"excerpt":{"rendered":"","protected":false},"author":1,"featured_media":0,"parent":0,"menu_order":0,"comment_status":"closed","ping_status":"closed","template":"pages\/page-empty.php","meta":[],"_links":{"self":[{"href":"https:\/\/www.koklucemakina.com\/fr\/wp-json\/wp\/v2\/pages\/951"}],"collection":[{"href":"https:\/\/www.koklucemakina.com\/fr\/wp-json\/wp\/v2\/pages"}],"about":[{"href":"https:\/\/www.koklucemakina.com\/fr\/wp-json\/wp\/v2\/types\/page"}],"author":[{"embeddable":true,"href":"https:\/\/www.koklucemakina.com\/fr\/wp-json\/wp\/v2\/users\/1"}],"replies":[{"embeddable":true,"href":"https:\/\/www.koklucemakina.com\/fr\/wp-json\/wp\/v2\/comments?post=951"}],"version-history":[{"count":12,"href":"https:\/\/www.koklucemakina.com\/fr\/wp-json\/wp\/v2\/pages\/951\/revisions"}],"predecessor-version":[{"id":996,"href":"https:\/\/www.koklucemakina.com\/fr\/wp-json\/wp\/v2\/pages\/951\/revisions\/996"}],"wp:attachment":[{"href":"https:\/\/www.koklucemakina.com\/fr\/wp-json\/wp\/v2\/media?parent=951"}],"curies":[{"name":"wp","href":"https:\/\/api.w.org\/{rel}","templated":true}]}}