{"id":82,"date":"2020-06-03T20:55:10","date_gmt":"2020-06-03T17:55:10","guid":{"rendered":"https:\/\/www.koklucemakina.com\/fr\/?page_id=82"},"modified":"2021-02-12T09:15:28","modified_gmt":"2021-02-12T06:15:28","slug":"hakkimizda","status":"publish","type":"page","link":"https:\/\/www.koklucemakina.com\/fr\/hakkimizda\/","title":{"rendered":"L&#8217;entreprise"},"content":{"rendered":"\n<figure class=\"wp-block-image size-large is-style-default\"><img loading=\"lazy\" width=\"1024\" height=\"768\" src=\"https:\/\/www.koklucemakina.com\/fr\/wp-content\/uploads\/2021\/02\/fransizca-hep-daha-iyisi-icin-1024x768.jpg\" alt=\"\" class=\"wp-image-978\" srcset=\"https:\/\/www.koklucemakina.com\/fr\/wp-content\/uploads\/2021\/02\/fransizca-hep-daha-iyisi-icin-1024x768.jpg 1024w, https:\/\/www.koklucemakina.com\/fr\/wp-content\/uploads\/2021\/02\/fransizca-hep-daha-iyisi-icin-300x225.jpg 300w, https:\/\/www.koklucemakina.com\/fr\/wp-content\/uploads\/2021\/02\/fransizca-hep-daha-iyisi-icin-768x576.jpg 768w, https:\/\/www.koklucemakina.com\/fr\/wp-content\/uploads\/2021\/02\/fransizca-hep-daha-iyisi-icin-1536x1152.jpg 1536w, https:\/\/www.koklucemakina.com\/fr\/wp-content\/uploads\/2021\/02\/fransizca-hep-daha-iyisi-icin-2048x1536.jpg 2048w\" sizes=\"(max-width: 1024px) 100vw, 1024px\" \/><\/figure>\n\n\n\n<div class=\"wp-block-safirtema-mainheading mainHeading\"><div class=\"inner\"><div class=\"icon safiricon icon41\"><\/div><div class=\"text\">K\u00f6kl\u00fcce Makina &amp; Yedek Par\u00e7a \u0130n\u015faat A.\u015e.<\/div><\/div><\/div>\n\n\n\n<p>K\u00f6kl\u00fcce Makina S.A. a d\u00e9marr\u00e9 ses activit\u00e9s en 1997 \u00e0 Eski\u015fehir.<\/p>\n\n\n\n<p><br>Elle op\u00e8re dans le secteur agricole, le secteur de la construction, produit des cabines de s\u00e9curit\u00e9<br>pour tracteurs, pour engins de travail et des pi\u00e8ces d&#8217;outils agricoles.<\/p>\n\n\n\n<p><br>K\u00f6kl\u00fcce Makina, dont les fondations ont \u00e9t\u00e9 pos\u00e9es sur la volont\u00e9 de satisfaire nos clients et<br>avoir une qualit\u00e9 durables, continue son chemin dans son secteur avec sa strat\u00e9gie de<br>d\u00e9veloppement et de changement continus.<\/p>\n\n\n\n<p><br>En 2009, elle a commenc\u00e9 \u00e0 produire des composants pour mat\u00e9riels agricoles en effectuant<br>sa premi\u00e8re exportation vers ses clients, qui occupent une position de leader dans leur<br>secteur.<\/p>\n\n\n\n<blockquote class=\"wp-block-quote has-text-align-left\"><p><strong><span style=\"color:#3e4a55\" class=\"has-inline-color\">Cr\u00e9er de la valeur<\/span><\/strong><\/p><cite><span class=\"has-inline-color has-vivid-cyan-blue-color\"><strong>Notre travail n&#8217;est pas seulement de produire. Tout d&#8217;abord, nos employ\u00e9s, partenaires commerciaux, doivent r\u00e9aliser une production qui profitera \u00e0 l&#8217;environnement dans lequel nous vivons.<\/strong><\/span><\/cite><\/blockquote>\n\n\n\n<blockquote class=\"wp-block-quote has-text-align-left\"><p><strong><span style=\"color:#3e4a55\" class=\"has-inline-color\">Ouverture &amp; Confiance<\/span><\/strong><\/p><cite><strong><span class=\"has-inline-color has-vivid-cyan-blue-color\">Nous r\u00e9pondons aux questions de nos partenaires commerciaux avec notre principe d&#8217;ouverture \u00e0 chaque \u00e9tape de notre travail et ne laissons pas leur confiance se perdre.<\/span><\/strong><\/cite><\/blockquote>\n\n\n\n<blockquote class=\"wp-block-quote has-text-align-left\"><p><strong><span style=\"color:#3e4a55\" class=\"has-inline-color\">Qualit\u00e9 de production<\/span><\/strong><\/p><cite><strong><span class=\"has-inline-color has-vivid-cyan-blue-color\">La qualit\u00e9 est une r\u00e9f\u00e9rence \u00e0 chaque \u00e9tape et elles est la base de notre philosophie de production.<\/span><\/strong><\/cite><\/blockquote>\n\n\n\n<blockquote class=\"wp-block-quote has-text-align-left\"><p><strong><span style=\"color:#3e4a55\" class=\"has-inline-color\">Innovation<\/span><\/strong><\/p><cite><strong><span class=\"has-inline-color has-vivid-cyan-blue-color\">Nous consid\u00e9rons l&#8217;innovation comme au centre de notre compr\u00e9hension des affaires et fa\u00e7onnons notre vision avec ce point de vue.<\/span><\/strong><\/cite><\/blockquote>\n\n\n\n<blockquote class=\"wp-block-quote has-text-align-left\"><p><strong><span style=\"color:#3e4a55\" class=\"has-inline-color\">Efficacit\u00e9<\/span><\/strong><\/p><cite><strong><span class=\"has-inline-color has-vivid-cyan-blue-color\">L&#8217;utilisation efficace des ressources et le niveau d&#8217;utilit\u00e9 dans la production constituent la base de notre motivation.<\/span><\/strong><\/cite><\/blockquote>\n\n\n\n<div class=\"wp-block-safirtema-mainheading mainHeading\"><div class=\"inner\"><div class=\"icon safiricon icon36\"><\/div><div class=\"text\">Notre vision<\/div><\/div><\/div>\n\n\n\n<p>\u00catre une entreprise fiable et leader dans le secteur avec sa compr\u00e9hension de la qualit\u00e9 durable<br>en adoptant les attentes de satisfaction client comme principe dans \u00e7a production de cabines de<br>s\u00e9curit\u00e9 pour tracteurs, engins de chantier et la production de mat\u00e9riel agricole.<\/p>\n\n\n\n<div class=\"wp-block-safirtema-mainheading mainHeading\"><div class=\"inner\"><div class=\"icon safiricon icon36\"><\/div><div class=\"text\">Notre mission<\/div><\/div><\/div>\n\n\n\n<p>Fournir des services de haute qualit\u00e9 et durables \u00e0 nos clients, gr\u00e2ce \u00e0 notre capacit\u00e9 de<br>production sup\u00e9rieure et \u00e0 notre environnement de travail paisible.<\/p>\n\n\n\n<p>Une approche de gestion en constante \u00e9volution, en d\u00e9veloppement et en croissance qui fournit le soutien et la<br>satisfaction n\u00e9cessaires \u00e0 nos clients et fournisseurs dans la production de cabines industrielles et d&#8217;\u00e9quipements<br>agricoles.<\/p>\n\n\n\n<div class=\"wp-block-safirtema-mainheading mainHeading\"><div class=\"inner\"><div class=\"icon safiricon icon16\"><\/div><div class=\"text\">POLITIQUE DE QUALIT\u00c9<\/div><\/div><\/div>\n\n\n\n<p><strong><em>En tant que K\u00f6kl\u00fcce Makina ;<\/em><\/strong><\/p>\n\n\n\n<p>\u2022<em>&nbsp;   \u2022 Assurer le plus haut niveau de satisfaction client,<\/em> <\/p>\n\n\n\n<p class=\"has-text-align-left\">\u2022<em>&nbsp;&nbsp;&nbsp; \u2022 Produire dans les d\u00e9lais, la qualit\u00e9 et le co\u00fbt minimum,<\/em><\/p>\n\n\n\n<p>\u2022<em>&nbsp;&nbsp;&nbsp;&nbsp; Avec une compr\u00e9hension du travail d&#8217;\u00e9quipe; Assurer une am\u00e9lioration continue,<\/em><\/p>\n\n\n\n<p>\u2022<em>&nbsp;&nbsp;&nbsp;&nbsp; Consid\u00e9rant la qualit\u00e9 comme une assurance de l&#8217;entreprise,<\/em><\/p>\n\n\n\n<p>\u2022<em>&nbsp;&nbsp;&nbsp;&nbsp;<\/em>Se conformer aux conditions du syst\u00e8me de management de la qualit\u00e9 et garantir son efficacit\u00e9,<\/p>\n\n\n\n<p> <\/p>\n\n\n\n<p>\u2022<em>&nbsp;&nbsp;&nbsp;&nbsp; Voir la qualit\u00e9 comme une cible renouvel\u00e9e et am\u00e9lior\u00e9e,<\/em><\/p>\n\n\n\n<p>\u2022<em>&nbsp;&nbsp;&nbsp;&nbsp; Consid\u00e9rant nos employ\u00e9s comme la ressource la plus pr\u00e9cieuse de notre entreprise,<\/em><\/p>\n\n\n\n<p>\u2022<em>&nbsp;&nbsp;&nbsp;&nbsp; Prot\u00e9ger l&#8217;environnement et garantir une utilisation efficace de nos ressources.<\/em><\/p>\n\n\n\n<p>                                                                                <strong><em>NOTRE POLITIQUE QUALIT\u00c3\u203a<\/em><\/strong><\/p>\n\n\n\n<div class=\"wp-block-safirtema-bgtext descriptionbox buildings\"><div class=\"inner\"><div class=\"icon safiricon icon8\"><\/div><div class=\"header\">Le message du pr\u00e9sident<\/div><p class=\"content\">Ayant commenc\u00e9 en 1997 avec les principes de qualit\u00e9 et de confiance, nous avons r\u00e9alis\u00e9 de grandes choses grace a la priorit\u00e9 &#8220;satisfaction du client&#8221;. La confiance de nos clients, nous donne la force de progresser vers des objectifs nouveaux et plus importants. Nous avons commenc\u00e9 \u00e0 affirmer sur la sc\u00e8ne mondiale nos objectifs atteints au niveau local. En augmentant la part de march\u00e9 que nous avons \u00e0 l&#8217;\u00e9tranger, nous gagnons de nouveaux clients et ajoutons de la valeur \u00e0 nos clients gr\u00e2ce \u00e0 notre innovation.<br\/><br\/>              L&#8217;innovation est l&#8217;\u00e9l\u00e9ment le plus important du \u00absucc\u00e8s durable\u00bb. Avec cette prise de conscience, en tant que K\u00f6kl\u00fcce Makina, nous \u00e9valuons le march\u00e9 mondial avec une nouvelle perspective, et maintenons vivante la culture de Recherche\/ D\u00e9veloppement et d&#8217;innovation au sein de l&#8217;entreprise. En tant que K\u00f6kl\u00fcce Makina, nous visons \u00e0 augmenter la productivit\u00e9 en suivant la technologie en d\u00e9veloppement et \u00e0 maintenir l&#8217;\u00e9lan que nous avons atteint dans notre secteur en augmentant notre capacit\u00e9. Nous planifions nos investissements pour atteindre cet objectif et prenons nos mesures dans le pays et \u00e0 l&#8217;\u00e9tranger conform\u00e9ment \u00e0 cette id\u00e9e.<\/p><\/div><\/div>\n\n\n\n<p><\/p>\n","protected":false},"excerpt":{"rendered":"<p>K\u00f6kl\u00fcce Makina S.A. a d\u00e9marr\u00e9 ses activit\u00e9s en 1997 \u00e0 Eski\u015fehir. Elle op\u00e8re dans le secteur agricole, le secteur de la construction, produit des cabines de s\u00e9curit\u00e9pour tracteurs, pour engins de travail et des pi\u00e8ces d&#8217;outils agricoles. K\u00f6kl\u00fcce Makina, dont les fondations ont \u00e9t\u00e9 pos\u00e9es sur la volont\u00e9 de satisfaire nos clients etavoir une qualit\u00e9 [&hellip;]<\/p>\n","protected":false},"author":1,"featured_media":0,"parent":0,"menu_order":0,"comment_status":"closed","ping_status":"closed","template":"","meta":[],"_links":{"self":[{"href":"https:\/\/www.koklucemakina.com\/fr\/wp-json\/wp\/v2\/pages\/82"}],"collection":[{"href":"https:\/\/www.koklucemakina.com\/fr\/wp-json\/wp\/v2\/pages"}],"about":[{"href":"https:\/\/www.koklucemakina.com\/fr\/wp-json\/wp\/v2\/types\/page"}],"author":[{"embeddable":true,"href":"https:\/\/www.koklucemakina.com\/fr\/wp-json\/wp\/v2\/users\/1"}],"replies":[{"embeddable":true,"href":"https:\/\/www.koklucemakina.com\/fr\/wp-json\/wp\/v2\/comments?post=82"}],"version-history":[{"count":54,"href":"https:\/\/www.koklucemakina.com\/fr\/wp-json\/wp\/v2\/pages\/82\/revisions"}],"predecessor-version":[{"id":979,"href":"https:\/\/www.koklucemakina.com\/fr\/wp-json\/wp\/v2\/pages\/82\/revisions\/979"}],"wp:attachment":[{"href":"https:\/\/www.koklucemakina.com\/fr\/wp-json\/wp\/v2\/media?parent=82"}],"curies":[{"name":"wp","href":"https:\/\/api.w.org\/{rel}","templated":true}]}}