{"id":796,"date":"2020-10-23T16:13:12","date_gmt":"2020-10-23T13:13:12","guid":{"rendered":"https:\/\/www.koklucemakina.com\/fr\/?page_id=796"},"modified":"2021-01-15T12:07:37","modified_gmt":"2021-01-15T09:07:37","slug":"sekillendirme-bukum-sac-protatip","status":"publish","type":"page","link":"https:\/\/www.koklucemakina.com\/fr\/sekillendirme-bukum-sac-protatip\/","title":{"rendered":"Formage-Pliage-Prototype De T\u00f4le"},"content":{"rendered":"\n<figure class=\"wp-block-image size-large\"><img loading=\"lazy\" width=\"1024\" height=\"682\" src=\"https:\/\/www.koklucemakina.com\/fr\/wp-content\/uploads\/2020\/10\/6.3-1024x682.jpg\" alt=\"\" class=\"wp-image-709\" srcset=\"https:\/\/www.koklucemakina.com\/fr\/wp-content\/uploads\/2020\/10\/6.3-1024x682.jpg 1024w, https:\/\/www.koklucemakina.com\/fr\/wp-content\/uploads\/2020\/10\/6.3-300x200.jpg 300w, https:\/\/www.koklucemakina.com\/fr\/wp-content\/uploads\/2020\/10\/6.3-768x512.jpg 768w, https:\/\/www.koklucemakina.com\/fr\/wp-content\/uploads\/2020\/10\/6.3.jpg 1400w\" sizes=\"(max-width: 1024px) 100vw, 1024px\" \/><\/figure>\n\n\n\n<p>C&#8217;est un processus dans lequel nos mati\u00e8res premi\u00e8res de profil et de feuille sont pr\u00eates pour la prochaine cha\u00eene de production.<\/p>\n\n\n\n<p>La Production de moules de formage se fait gr\u00e2ce \u00e0 des moules con\u00e7us par L&#8217;Unit\u00e9 D&#8217;Ing\u00e9nierie M\u00e9canique de K\u00f6kl\u00fcce<\/p>\n\n\n\n<div class=\"wp-block-safirtema-mainheading mainHeading\"><div class=\"inner\"><div class=\"icon safiricon icon53\"><\/div><div class=\"text\">Coiffure-Torsion-Cheveux Protatip Visuels<\/div><\/div><\/div>\n\n\n\n<figure class=\"wp-block-gallery columns-3 is-cropped\"><ul class=\"blocks-gallery-grid\"><li class=\"blocks-gallery-item\"><figure><a href=\"https:\/\/www.koklucemakina.com\/fr\/wp-content\/uploads\/2020\/10\/6.3.jpg\"><img loading=\"lazy\" width=\"1024\" height=\"682\" src=\"https:\/\/www.koklucemakina.com\/fr\/wp-content\/uploads\/2020\/10\/6.3-1024x682.jpg\" alt=\"\" data-id=\"709\" data-full-url=\"https:\/\/www.koklucemakina.com\/fr\/wp-content\/uploads\/2020\/10\/6.3.jpg\" data-link=\"https:\/\/www.koklucemakina.com\/fr\/profil__trashed\/6-3\/\" class=\"wp-image-709\" srcset=\"https:\/\/www.koklucemakina.com\/fr\/wp-content\/uploads\/2020\/10\/6.3-1024x682.jpg 1024w, https:\/\/www.koklucemakina.com\/fr\/wp-content\/uploads\/2020\/10\/6.3-300x200.jpg 300w, https:\/\/www.koklucemakina.com\/fr\/wp-content\/uploads\/2020\/10\/6.3-768x512.jpg 768w, https:\/\/www.koklucemakina.com\/fr\/wp-content\/uploads\/2020\/10\/6.3.jpg 1400w\" sizes=\"(max-width: 1024px) 100vw, 1024px\" \/><\/a><\/figure><\/li><li class=\"blocks-gallery-item\"><figure><a href=\"https:\/\/www.koklucemakina.com\/fr\/wp-content\/uploads\/2020\/10\/IMAG0289-scaled.jpg\"><img loading=\"lazy\" width=\"1024\" height=\"579\" src=\"https:\/\/www.koklucemakina.com\/fr\/wp-content\/uploads\/2020\/10\/IMAG0289-1024x579.jpg\" alt=\"\" data-id=\"710\" data-full-url=\"https:\/\/www.koklucemakina.com\/fr\/wp-content\/uploads\/2020\/10\/IMAG0289-scaled.jpg\" data-link=\"https:\/\/www.koklucemakina.com\/fr\/profil__trashed\/imag0289\/\" class=\"wp-image-710\" srcset=\"https:\/\/www.koklucemakina.com\/fr\/wp-content\/uploads\/2020\/10\/IMAG0289-1024x579.jpg 1024w, https:\/\/www.koklucemakina.com\/fr\/wp-content\/uploads\/2020\/10\/IMAG0289-300x170.jpg 300w, https:\/\/www.koklucemakina.com\/fr\/wp-content\/uploads\/2020\/10\/IMAG0289-768x434.jpg 768w, https:\/\/www.koklucemakina.com\/fr\/wp-content\/uploads\/2020\/10\/IMAG0289-1536x869.jpg 1536w, https:\/\/www.koklucemakina.com\/fr\/wp-content\/uploads\/2020\/10\/IMAG0289-2048x1158.jpg 2048w\" sizes=\"(max-width: 1024px) 100vw, 1024px\" \/><\/a><\/figure><\/li><li class=\"blocks-gallery-item\"><figure><a href=\"https:\/\/www.koklucemakina.com\/fr\/wp-content\/uploads\/2020\/10\/6.1.jpg\"><img loading=\"lazy\" width=\"1024\" height=\"682\" src=\"https:\/\/www.koklucemakina.com\/fr\/wp-content\/uploads\/2020\/10\/6.1-1024x682.jpg\" alt=\"\" data-id=\"708\" data-full-url=\"https:\/\/www.koklucemakina.com\/fr\/wp-content\/uploads\/2020\/10\/6.1.jpg\" data-link=\"https:\/\/www.koklucemakina.com\/fr\/profil__trashed\/6-1\/\" class=\"wp-image-708\" srcset=\"https:\/\/www.koklucemakina.com\/fr\/wp-content\/uploads\/2020\/10\/6.1-1024x682.jpg 1024w, https:\/\/www.koklucemakina.com\/fr\/wp-content\/uploads\/2020\/10\/6.1-300x200.jpg 300w, https:\/\/www.koklucemakina.com\/fr\/wp-content\/uploads\/2020\/10\/6.1-768x512.jpg 768w, https:\/\/www.koklucemakina.com\/fr\/wp-content\/uploads\/2020\/10\/6.1.jpg 1400w\" sizes=\"(max-width: 1024px) 100vw, 1024px\" \/><\/a><\/figure><\/li><li class=\"blocks-gallery-item\"><figure><a href=\"https:\/\/www.koklucemakina.com\/fr\/wp-content\/uploads\/2020\/10\/20201001_112746_Moment.jpg\"><img loading=\"lazy\" width=\"1024\" height=\"461\" src=\"https:\/\/www.koklucemakina.com\/fr\/wp-content\/uploads\/2020\/10\/20201001_112746_Moment-1024x461.jpg\" alt=\"\" data-id=\"365\" data-full-url=\"https:\/\/www.koklucemakina.com\/fr\/wp-content\/uploads\/2020\/10\/20201001_112746_Moment.jpg\" data-link=\"https:\/\/www.koklucemakina.com\/fr\/20201001_112746_moment\/\" class=\"wp-image-365\" srcset=\"https:\/\/www.koklucemakina.com\/fr\/wp-content\/uploads\/2020\/10\/20201001_112746_Moment-1024x461.jpg 1024w, https:\/\/www.koklucemakina.com\/fr\/wp-content\/uploads\/2020\/10\/20201001_112746_Moment-300x135.jpg 300w, https:\/\/www.koklucemakina.com\/fr\/wp-content\/uploads\/2020\/10\/20201001_112746_Moment-768x346.jpg 768w, https:\/\/www.koklucemakina.com\/fr\/wp-content\/uploads\/2020\/10\/20201001_112746_Moment-1536x691.jpg 1536w, https:\/\/www.koklucemakina.com\/fr\/wp-content\/uploads\/2020\/10\/20201001_112746_Moment-2048x922.jpg 2048w\" sizes=\"(max-width: 1024px) 100vw, 1024px\" \/><\/a><\/figure><\/li><\/ul><\/figure>\n\n\n\n<a class=\"wp-block-safirtema-safirbutton safirButton safiricon icon25\" href=\"https:\/\/www.koklucemakina.com\/fr\/iletisim\/\">Vous avez une question?<\/a>\n","protected":false},"excerpt":{"rendered":"<p>C&#8217;est un processus dans lequel nos mati\u00e8res premi\u00e8res de profil et de feuille sont pr\u00eates pour la prochaine cha\u00eene de production. La Production de moules de formage se fait gr\u00e2ce \u00e0 des moules con\u00e7us par L&#8217;Unit\u00e9 D&#8217;Ing\u00e9nierie M\u00e9canique de K\u00f6kl\u00fcce<\/p>\n","protected":false},"author":1,"featured_media":709,"parent":0,"menu_order":0,"comment_status":"closed","ping_status":"closed","template":"","meta":[],"_links":{"self":[{"href":"https:\/\/www.koklucemakina.com\/fr\/wp-json\/wp\/v2\/pages\/796"}],"collection":[{"href":"https:\/\/www.koklucemakina.com\/fr\/wp-json\/wp\/v2\/pages"}],"about":[{"href":"https:\/\/www.koklucemakina.com\/fr\/wp-json\/wp\/v2\/types\/page"}],"author":[{"embeddable":true,"href":"https:\/\/www.koklucemakina.com\/fr\/wp-json\/wp\/v2\/users\/1"}],"replies":[{"embeddable":true,"href":"https:\/\/www.koklucemakina.com\/fr\/wp-json\/wp\/v2\/comments?post=796"}],"version-history":[{"count":7,"href":"https:\/\/www.koklucemakina.com\/fr\/wp-json\/wp\/v2\/pages\/796\/revisions"}],"predecessor-version":[{"id":948,"href":"https:\/\/www.koklucemakina.com\/fr\/wp-json\/wp\/v2\/pages\/796\/revisions\/948"}],"wp:featuredmedia":[{"embeddable":true,"href":"https:\/\/www.koklucemakina.com\/fr\/wp-json\/wp\/v2\/media\/709"}],"wp:attachment":[{"href":"https:\/\/www.koklucemakina.com\/fr\/wp-json\/wp\/v2\/media?parent=796"}],"curies":[{"name":"wp","href":"https:\/\/api.w.org\/{rel}","templated":true}]}}