{"id":502,"date":"2020-10-05T09:45:06","date_gmt":"2020-10-05T06:45:06","guid":{"rendered":"https:\/\/www.koklucemakina.com\/fr\/?page_id=502"},"modified":"2021-01-15T12:03:25","modified_gmt":"2021-01-15T09:03:25","slug":"montaj","status":"publish","type":"page","link":"https:\/\/www.koklucemakina.com\/fr\/montaj\/","title":{"rendered":"Ligne D&#8217;Assemblage"},"content":{"rendered":"\n<figure class=\"wp-block-image size-large\"><img loading=\"lazy\" width=\"1024\" height=\"682\" src=\"https:\/\/www.koklucemakina.com\/fr\/wp-content\/uploads\/2020\/09\/IMG_4841-1024x682.jpg\" alt=\"\" class=\"wp-image-335\" srcset=\"https:\/\/www.koklucemakina.com\/fr\/wp-content\/uploads\/2020\/09\/IMG_4841-1024x682.jpg 1024w, https:\/\/www.koklucemakina.com\/fr\/wp-content\/uploads\/2020\/09\/IMG_4841-300x200.jpg 300w, https:\/\/www.koklucemakina.com\/fr\/wp-content\/uploads\/2020\/09\/IMG_4841-768x512.jpg 768w, https:\/\/www.koklucemakina.com\/fr\/wp-content\/uploads\/2020\/09\/IMG_4841-1536x1023.jpg 1536w, https:\/\/www.koklucemakina.com\/fr\/wp-content\/uploads\/2020\/09\/IMG_4841.jpg 1600w\" sizes=\"(max-width: 1024px) 100vw, 1024px\" \/><\/figure>\n\n\n\n<div class=\"wp-block-safirtema-mainheading mainHeading\"><div class=\"inner\"><div class=\"icon safiricon icon15\"><\/div><div class=\"text\">Ligne D&#8217;Assemblage<\/div><\/div><\/div>\n\n\n\n<p>        <\/p>\n\n\n\n<p>L&#8217;installation de l&#8217;armoire de s\u00e9curit\u00e9 du tracteur, de l&#8217;armoire de s\u00e9curit\u00e9 des machines de construction, de la machine agricole et des pi\u00e8ces de rechange dans nos cha\u00eenes de montage d&#8217;automatisation, que nous r\u00e9alisons sur une superficie de 35.000 m2, est assembl\u00e9e sur la prochaine cha\u00eene de montage et la production est parfaitement termin\u00e9e.<\/p>\n\n\n\n<div class=\"wp-block-safirtema-mainheading mainHeading\"><div class=\"inner\"><div class=\"icon safiricon icon53\"><\/div><div class=\"text\">Visuels De Production<\/div><\/div><\/div>\n\n\n\n<figure class=\"wp-block-gallery columns-3 is-cropped\"><ul class=\"blocks-gallery-grid\"><li class=\"blocks-gallery-item\"><figure><a href=\"https:\/\/www.koklucemakina.com\/fr\/wp-content\/uploads\/2020\/10\/IMG_4841.jpg\"><img loading=\"lazy\" width=\"1024\" height=\"682\" src=\"https:\/\/www.koklucemakina.com\/fr\/wp-content\/uploads\/2020\/10\/IMG_4841-1024x682.jpg\" alt=\"\" data-id=\"602\" data-full-url=\"https:\/\/www.koklucemakina.com\/fr\/wp-content\/uploads\/2020\/10\/IMG_4841.jpg\" data-link=\"https:\/\/www.koklucemakina.com\/fr\/montaj\/img_4841-2\/\" class=\"wp-image-602\" srcset=\"https:\/\/www.koklucemakina.com\/fr\/wp-content\/uploads\/2020\/10\/IMG_4841-1024x682.jpg 1024w, https:\/\/www.koklucemakina.com\/fr\/wp-content\/uploads\/2020\/10\/IMG_4841-300x200.jpg 300w, https:\/\/www.koklucemakina.com\/fr\/wp-content\/uploads\/2020\/10\/IMG_4841-768x512.jpg 768w, https:\/\/www.koklucemakina.com\/fr\/wp-content\/uploads\/2020\/10\/IMG_4841-1536x1023.jpg 1536w, https:\/\/www.koklucemakina.com\/fr\/wp-content\/uploads\/2020\/10\/IMG_4841.jpg 1600w\" sizes=\"(max-width: 1024px) 100vw, 1024px\" \/><\/a><\/figure><\/li><li class=\"blocks-gallery-item\"><figure><a href=\"https:\/\/www.koklucemakina.com\/fr\/wp-content\/uploads\/2020\/10\/montaj-1-scaled.jpg\"><img loading=\"lazy\" width=\"1024\" height=\"683\" src=\"https:\/\/www.koklucemakina.com\/fr\/wp-content\/uploads\/2020\/10\/montaj-1-1024x683.jpg\" alt=\"\" data-id=\"603\" data-full-url=\"https:\/\/www.koklucemakina.com\/fr\/wp-content\/uploads\/2020\/10\/montaj-1-scaled.jpg\" data-link=\"https:\/\/www.koklucemakina.com\/fr\/montaj\/montaj-1-2\/\" class=\"wp-image-603\" srcset=\"https:\/\/www.koklucemakina.com\/fr\/wp-content\/uploads\/2020\/10\/montaj-1-1024x683.jpg 1024w, https:\/\/www.koklucemakina.com\/fr\/wp-content\/uploads\/2020\/10\/montaj-1-300x200.jpg 300w, https:\/\/www.koklucemakina.com\/fr\/wp-content\/uploads\/2020\/10\/montaj-1-768x512.jpg 768w, https:\/\/www.koklucemakina.com\/fr\/wp-content\/uploads\/2020\/10\/montaj-1-1536x1024.jpg 1536w, https:\/\/www.koklucemakina.com\/fr\/wp-content\/uploads\/2020\/10\/montaj-1-2048x1365.jpg 2048w\" sizes=\"(max-width: 1024px) 100vw, 1024px\" \/><\/a><\/figure><\/li><li class=\"blocks-gallery-item\"><figure><a href=\"https:\/\/www.koklucemakina.com\/fr\/wp-content\/uploads\/2020\/10\/montaj-2-scaled.jpg\"><img loading=\"lazy\" width=\"1024\" height=\"683\" src=\"https:\/\/www.koklucemakina.com\/fr\/wp-content\/uploads\/2020\/10\/montaj-2-1024x683.jpg\" alt=\"\" data-id=\"604\" data-full-url=\"https:\/\/www.koklucemakina.com\/fr\/wp-content\/uploads\/2020\/10\/montaj-2-scaled.jpg\" data-link=\"https:\/\/www.koklucemakina.com\/fr\/montaj\/montaj-2-2\/\" class=\"wp-image-604\" srcset=\"https:\/\/www.koklucemakina.com\/fr\/wp-content\/uploads\/2020\/10\/montaj-2-1024x683.jpg 1024w, https:\/\/www.koklucemakina.com\/fr\/wp-content\/uploads\/2020\/10\/montaj-2-300x200.jpg 300w, https:\/\/www.koklucemakina.com\/fr\/wp-content\/uploads\/2020\/10\/montaj-2-768x512.jpg 768w, https:\/\/www.koklucemakina.com\/fr\/wp-content\/uploads\/2020\/10\/montaj-2-1536x1024.jpg 1536w, https:\/\/www.koklucemakina.com\/fr\/wp-content\/uploads\/2020\/10\/montaj-2-2048x1365.jpg 2048w\" sizes=\"(max-width: 1024px) 100vw, 1024px\" \/><\/a><\/figure><\/li><li class=\"blocks-gallery-item\"><figure><a href=\"https:\/\/www.koklucemakina.com\/fr\/wp-content\/uploads\/2020\/10\/VideoCapture_20201009-082234.jpg\"><img loading=\"lazy\" width=\"1024\" height=\"461\" src=\"https:\/\/www.koklucemakina.com\/fr\/wp-content\/uploads\/2020\/10\/VideoCapture_20201009-082234-1024x461.jpg\" alt=\"\" data-id=\"705\" data-full-url=\"https:\/\/www.koklucemakina.com\/fr\/wp-content\/uploads\/2020\/10\/VideoCapture_20201009-082234.jpg\" data-link=\"https:\/\/www.koklucemakina.com\/fr\/montaj\/videocapture_20201009-082234\/\" class=\"wp-image-705\" srcset=\"https:\/\/www.koklucemakina.com\/fr\/wp-content\/uploads\/2020\/10\/VideoCapture_20201009-082234-1024x461.jpg 1024w, https:\/\/www.koklucemakina.com\/fr\/wp-content\/uploads\/2020\/10\/VideoCapture_20201009-082234-300x135.jpg 300w, https:\/\/www.koklucemakina.com\/fr\/wp-content\/uploads\/2020\/10\/VideoCapture_20201009-082234-768x346.jpg 768w, https:\/\/www.koklucemakina.com\/fr\/wp-content\/uploads\/2020\/10\/VideoCapture_20201009-082234-1536x691.jpg 1536w, https:\/\/www.koklucemakina.com\/fr\/wp-content\/uploads\/2020\/10\/VideoCapture_20201009-082234-2048x922.jpg 2048w\" sizes=\"(max-width: 1024px) 100vw, 1024px\" \/><\/a><\/figure><\/li><\/ul><\/figure>\n\n\n\n<a class=\"wp-block-safirtema-safirbutton safirButton safiricon icon25\" href=\"https:\/\/www.koklucemakina.com\/fr\/iletisim\/\">Vous avez une question?<\/a>\n\n\n\n<p><\/p>\n","protected":false},"excerpt":{"rendered":"<p>L&#8217;installation de l&#8217;armoire de s\u00e9curit\u00e9 du tracteur, de l&#8217;armoire de s\u00e9curit\u00e9 des machines de construction, de la machine agricole et des pi\u00e8ces de rechange dans nos cha\u00eenes de montage d&#8217;automatisation, que nous r\u00e9alisons sur une superficie de 35.000 m2, est assembl\u00e9e sur la prochaine cha\u00eene de montage et la production est parfaitement termin\u00e9e.<\/p>\n","protected":false},"author":1,"featured_media":335,"parent":0,"menu_order":0,"comment_status":"closed","ping_status":"closed","template":"","meta":[],"_links":{"self":[{"href":"https:\/\/www.koklucemakina.com\/fr\/wp-json\/wp\/v2\/pages\/502"}],"collection":[{"href":"https:\/\/www.koklucemakina.com\/fr\/wp-json\/wp\/v2\/pages"}],"about":[{"href":"https:\/\/www.koklucemakina.com\/fr\/wp-json\/wp\/v2\/types\/page"}],"author":[{"embeddable":true,"href":"https:\/\/www.koklucemakina.com\/fr\/wp-json\/wp\/v2\/users\/1"}],"replies":[{"embeddable":true,"href":"https:\/\/www.koklucemakina.com\/fr\/wp-json\/wp\/v2\/comments?post=502"}],"version-history":[{"count":13,"href":"https:\/\/www.koklucemakina.com\/fr\/wp-json\/wp\/v2\/pages\/502\/revisions"}],"predecessor-version":[{"id":946,"href":"https:\/\/www.koklucemakina.com\/fr\/wp-json\/wp\/v2\/pages\/502\/revisions\/946"}],"wp:featuredmedia":[{"embeddable":true,"href":"https:\/\/www.koklucemakina.com\/fr\/wp-json\/wp\/v2\/media\/335"}],"wp:attachment":[{"href":"https:\/\/www.koklucemakina.com\/fr\/wp-json\/wp\/v2\/media?parent=502"}],"curies":[{"name":"wp","href":"https:\/\/api.w.org\/{rel}","templated":true}]}}