{"id":489,"date":"2020-10-05T09:24:59","date_gmt":"2020-10-05T06:24:59","guid":{"rendered":"https:\/\/www.koklucemakina.com\/fr\/?page_id=489"},"modified":"2021-01-15T12:04:40","modified_gmt":"2021-01-15T09:04:40","slug":"sac-sekillendirme-lazer","status":"publish","type":"page","link":"https:\/\/www.koklucemakina.com\/fr\/sac-sekillendirme-lazer\/","title":{"rendered":"D\u00e9coupe Laser-D\u00e9coupe De Profil\u00e9s Et De Tuyaux"},"content":{"rendered":"\n<figure class=\"wp-block-image size-large is-resized\"><img loading=\"lazy\" src=\"https:\/\/www.koklucemakina.com\/fr\/wp-content\/uploads\/2020\/10\/IMG_8105-1024x683.jpg\" alt=\"\" class=\"wp-image-578\" width=\"627\" height=\"417\" srcset=\"https:\/\/www.koklucemakina.com\/fr\/wp-content\/uploads\/2020\/10\/IMG_8105-1024x683.jpg 1024w, https:\/\/www.koklucemakina.com\/fr\/wp-content\/uploads\/2020\/10\/IMG_8105-300x200.jpg 300w, https:\/\/www.koklucemakina.com\/fr\/wp-content\/uploads\/2020\/10\/IMG_8105-768x512.jpg 768w, https:\/\/www.koklucemakina.com\/fr\/wp-content\/uploads\/2020\/10\/IMG_8105-1536x1024.jpg 1536w, https:\/\/www.koklucemakina.com\/fr\/wp-content\/uploads\/2020\/10\/IMG_8105-2048x1365.jpg 2048w\" sizes=\"(max-width: 627px) 100vw, 627px\" \/><\/figure>\n\n\n\n<div class=\"wp-block-safirtema-mainheading mainHeading\"><div class=\"inner\"><div class=\"icon safiricon icon15\"><\/div><div class=\"text\">D\u00e9coupe Laser-D\u00e9coupe De Profil\u00e9s Et De Tuyaux<\/div><\/div><\/div>\n\n\n\n<p>Nous produisons avec z\u00e9ro erreur dans ces machines, qui paient tous nos investissements dans la technologie jusqu&#8217;au bout.<\/p>\n\n\n\n<p>Nos machines CNC cod\u00e9es \u00e0 distance livrent parfaitement le produit \u00e0 la ligne de production suivante sans faire autant d&#8217;erreurs qu&#8217;une m\u00e8che de cheveux.<\/p>\n\n\n\n<p><\/p>\n\n\n\n<div class=\"wp-block-safirtema-mainheading mainHeading\"><div class=\"inner\"><div class=\"icon safiricon icon53\"><\/div><div class=\"text\">Visuels De Production<\/div><\/div><\/div>\n\n\n\n<figure class=\"wp-block-gallery columns-3 is-cropped\"><ul class=\"blocks-gallery-grid\"><li class=\"blocks-gallery-item\"><figure><a href=\"https:\/\/www.koklucemakina.com\/fr\/wp-content\/uploads\/2020\/10\/20201001_113102_Moment-1.jpg\"><img loading=\"lazy\" width=\"1024\" height=\"461\" src=\"https:\/\/www.koklucemakina.com\/fr\/wp-content\/uploads\/2020\/10\/20201001_113102_Moment-1-1024x461.jpg\" alt=\"\" data-id=\"617\" data-full-url=\"https:\/\/www.koklucemakina.com\/fr\/wp-content\/uploads\/2020\/10\/20201001_113102_Moment-1.jpg\" data-link=\"https:\/\/www.koklucemakina.com\/fr\/sac-sekillendirme-2\/20201001_113102_moment-2\/\" class=\"wp-image-617\" srcset=\"https:\/\/www.koklucemakina.com\/fr\/wp-content\/uploads\/2020\/10\/20201001_113102_Moment-1-1024x461.jpg 1024w, https:\/\/www.koklucemakina.com\/fr\/wp-content\/uploads\/2020\/10\/20201001_113102_Moment-1-300x135.jpg 300w, https:\/\/www.koklucemakina.com\/fr\/wp-content\/uploads\/2020\/10\/20201001_113102_Moment-1-768x346.jpg 768w, https:\/\/www.koklucemakina.com\/fr\/wp-content\/uploads\/2020\/10\/20201001_113102_Moment-1-1536x691.jpg 1536w, https:\/\/www.koklucemakina.com\/fr\/wp-content\/uploads\/2020\/10\/20201001_113102_Moment-1-2048x922.jpg 2048w\" sizes=\"(max-width: 1024px) 100vw, 1024px\" \/><\/a><\/figure><\/li><li class=\"blocks-gallery-item\"><figure><a href=\"https:\/\/www.koklucemakina.com\/fr\/wp-content\/uploads\/2020\/10\/IMG_7719-scaled.jpg\"><img loading=\"lazy\" width=\"1024\" height=\"683\" src=\"https:\/\/www.koklucemakina.com\/fr\/wp-content\/uploads\/2020\/10\/IMG_7719-1024x683.jpg\" alt=\"\" data-id=\"618\" data-full-url=\"https:\/\/www.koklucemakina.com\/fr\/wp-content\/uploads\/2020\/10\/IMG_7719-scaled.jpg\" data-link=\"https:\/\/www.koklucemakina.com\/fr\/sac-sekillendirme-2\/img_7719\/\" class=\"wp-image-618\" srcset=\"https:\/\/www.koklucemakina.com\/fr\/wp-content\/uploads\/2020\/10\/IMG_7719-1024x683.jpg 1024w, https:\/\/www.koklucemakina.com\/fr\/wp-content\/uploads\/2020\/10\/IMG_7719-300x200.jpg 300w, https:\/\/www.koklucemakina.com\/fr\/wp-content\/uploads\/2020\/10\/IMG_7719-768x512.jpg 768w, https:\/\/www.koklucemakina.com\/fr\/wp-content\/uploads\/2020\/10\/IMG_7719-1536x1024.jpg 1536w, https:\/\/www.koklucemakina.com\/fr\/wp-content\/uploads\/2020\/10\/IMG_7719-2048x1365.jpg 2048w\" sizes=\"(max-width: 1024px) 100vw, 1024px\" \/><\/a><\/figure><\/li><li class=\"blocks-gallery-item\"><figure><a href=\"https:\/\/www.koklucemakina.com\/fr\/wp-content\/uploads\/2020\/10\/IMG_8105-1-scaled.jpg\"><img loading=\"lazy\" width=\"1024\" height=\"683\" src=\"https:\/\/www.koklucemakina.com\/fr\/wp-content\/uploads\/2020\/10\/IMG_8105-1-1024x683.jpg\" alt=\"\" data-id=\"619\" data-full-url=\"https:\/\/www.koklucemakina.com\/fr\/wp-content\/uploads\/2020\/10\/IMG_8105-1-scaled.jpg\" data-link=\"https:\/\/www.koklucemakina.com\/fr\/sac-sekillendirme-2\/img_8105-2\/\" class=\"wp-image-619\" srcset=\"https:\/\/www.koklucemakina.com\/fr\/wp-content\/uploads\/2020\/10\/IMG_8105-1-1024x683.jpg 1024w, https:\/\/www.koklucemakina.com\/fr\/wp-content\/uploads\/2020\/10\/IMG_8105-1-300x200.jpg 300w, https:\/\/www.koklucemakina.com\/fr\/wp-content\/uploads\/2020\/10\/IMG_8105-1-768x512.jpg 768w, https:\/\/www.koklucemakina.com\/fr\/wp-content\/uploads\/2020\/10\/IMG_8105-1-1536x1024.jpg 1536w, https:\/\/www.koklucemakina.com\/fr\/wp-content\/uploads\/2020\/10\/IMG_8105-1-2048x1365.jpg 2048w\" sizes=\"(max-width: 1024px) 100vw, 1024px\" \/><\/a><\/figure><\/li><li class=\"blocks-gallery-item\"><figure><a href=\"https:\/\/www.koklucemakina.com\/fr\/wp-content\/uploads\/2020\/10\/IMG_8966.jpg\"><img loading=\"lazy\" width=\"1024\" height=\"682\" src=\"https:\/\/www.koklucemakina.com\/fr\/wp-content\/uploads\/2020\/10\/IMG_8966-1024x682.jpg\" alt=\"\" data-id=\"620\" data-full-url=\"https:\/\/www.koklucemakina.com\/fr\/wp-content\/uploads\/2020\/10\/IMG_8966.jpg\" data-link=\"https:\/\/www.koklucemakina.com\/fr\/sac-sekillendirme-2\/img_8966\/\" class=\"wp-image-620\" srcset=\"https:\/\/www.koklucemakina.com\/fr\/wp-content\/uploads\/2020\/10\/IMG_8966-1024x682.jpg 1024w, https:\/\/www.koklucemakina.com\/fr\/wp-content\/uploads\/2020\/10\/IMG_8966-300x200.jpg 300w, https:\/\/www.koklucemakina.com\/fr\/wp-content\/uploads\/2020\/10\/IMG_8966-768x512.jpg 768w, https:\/\/www.koklucemakina.com\/fr\/wp-content\/uploads\/2020\/10\/IMG_8966.jpg 1400w\" sizes=\"(max-width: 1024px) 100vw, 1024px\" \/><\/a><\/figure><\/li><\/ul><\/figure>\n\n\n\n<p><\/p>\n\n\n\n<p><\/p>\n\n\n\n<a class=\"wp-block-safirtema-safirbutton safirButton safiricon icon25\" href=\"https:\/\/www.koklucemakina.com\/fr\/iletisim\/\">Vous avez une question?<\/a>\n\n\n\n<p><\/p>\n","protected":false},"excerpt":{"rendered":"<p>Nous produisons avec z\u00e9ro erreur dans ces machines, qui paient tous nos investissements dans la technologie jusqu&#8217;au bout. Nos machines CNC cod\u00e9es \u00e0 distance livrent parfaitement le produit \u00e0 la ligne de production suivante sans faire autant d&#8217;erreurs qu&#8217;une m\u00e8che de cheveux.<\/p>\n","protected":false},"author":1,"featured_media":578,"parent":0,"menu_order":0,"comment_status":"closed","ping_status":"closed","template":"","meta":[],"_links":{"self":[{"href":"https:\/\/www.koklucemakina.com\/fr\/wp-json\/wp\/v2\/pages\/489"}],"collection":[{"href":"https:\/\/www.koklucemakina.com\/fr\/wp-json\/wp\/v2\/pages"}],"about":[{"href":"https:\/\/www.koklucemakina.com\/fr\/wp-json\/wp\/v2\/types\/page"}],"author":[{"embeddable":true,"href":"https:\/\/www.koklucemakina.com\/fr\/wp-json\/wp\/v2\/users\/1"}],"replies":[{"embeddable":true,"href":"https:\/\/www.koklucemakina.com\/fr\/wp-json\/wp\/v2\/comments?post=489"}],"version-history":[{"count":14,"href":"https:\/\/www.koklucemakina.com\/fr\/wp-json\/wp\/v2\/pages\/489\/revisions"}],"predecessor-version":[{"id":947,"href":"https:\/\/www.koklucemakina.com\/fr\/wp-json\/wp\/v2\/pages\/489\/revisions\/947"}],"wp:featuredmedia":[{"embeddable":true,"href":"https:\/\/www.koklucemakina.com\/fr\/wp-json\/wp\/v2\/media\/578"}],"wp:attachment":[{"href":"https:\/\/www.koklucemakina.com\/fr\/wp-json\/wp\/v2\/media?parent=489"}],"curies":[{"name":"wp","href":"https:\/\/api.w.org\/{rel}","templated":true}]}}