{"id":462,"date":"2020-10-05T08:55:33","date_gmt":"2020-10-05T05:55:33","guid":{"rendered":"https:\/\/www.koklucemakina.com\/fr\/?page_id=462"},"modified":"2021-01-15T12:02:33","modified_gmt":"2021-01-15T09:02:33","slug":"kaynak-hatti","status":"publish","type":"page","link":"https:\/\/www.koklucemakina.com\/fr\/kaynak-hatti\/","title":{"rendered":"Ligne De Soudure"},"content":{"rendered":"\n<figure class=\"wp-block-image size-large\"><img loading=\"lazy\" width=\"1024\" height=\"681\" src=\"https:\/\/www.koklucemakina.com\/fr\/wp-content\/uploads\/2020\/10\/DSC_9258-1-1024x681.jpg\" alt=\"\" class=\"wp-image-539\" srcset=\"https:\/\/www.koklucemakina.com\/fr\/wp-content\/uploads\/2020\/10\/DSC_9258-1-1024x681.jpg 1024w, https:\/\/www.koklucemakina.com\/fr\/wp-content\/uploads\/2020\/10\/DSC_9258-1-300x199.jpg 300w, https:\/\/www.koklucemakina.com\/fr\/wp-content\/uploads\/2020\/10\/DSC_9258-1-768x511.jpg 768w, https:\/\/www.koklucemakina.com\/fr\/wp-content\/uploads\/2020\/10\/DSC_9258-1-1536x1021.jpg 1536w, https:\/\/www.koklucemakina.com\/fr\/wp-content\/uploads\/2020\/10\/DSC_9258-1-2048x1362.jpg 2048w\" sizes=\"(max-width: 1024px) 100vw, 1024px\" \/><\/figure>\n\n\n\n<div class=\"wp-block-safirtema-mainheading mainHeading\"><div class=\"inner\"><div class=\"icon safiricon icon15\"><\/div><div class=\"text\">Soudage Robotis\u00e9<\/div><\/div><\/div>\n\n\n\n<p>Avec nos robots de soudage, nous assurons la continuit\u00e9 des param\u00e8tres de nufuzity et de soudage avec nos robots de derni\u00e8re technologie, qui fournissent une mani\u00e8re et une m\u00e9thode importantes dans la m\u00e9thode de production de produit parfaite et standard, et nous avons d\u00e9fini la perfection de la soudure robotique dans la fabrication de soudure.<\/p>\n\n\n\n<div class=\"wp-block-safirtema-mainheading mainHeading\"><div class=\"inner\"><div class=\"icon safiricon icon15\"><\/div><div class=\"text\">Soudage Manuel<\/div><\/div><\/div>\n\n\n\n<p>Nos soudeurs certifi\u00e9s sont effectu\u00e9s par un personnel professionnel qualifi\u00e9 et, dans des cas particuliers, les points qui ne peuvent pas \u00eatre atteints par le robot que nous utilisons les mains les plus qualifi\u00e9es (mains-notre fiert\u00e9 et notre joie) sont envoy\u00e9s \u00e0 la ligne de production en combinant le m\u00e9tal \u00e0 c\u00f4t\u00e9 des soir\u00e9es ayrilmamaca.<\/p>\n\n\n\n<div class=\"wp-block-safirtema-mainheading mainHeading\"><div class=\"inner\"><div class=\"icon safiricon icon53\"><\/div><div class=\"text\">Visuels De Production<\/div><\/div><\/div>\n\n\n\n<figure class=\"wp-block-gallery columns-3 is-cropped\"><ul class=\"blocks-gallery-grid\"><li class=\"blocks-gallery-item\"><figure><a href=\"https:\/\/www.koklucemakina.com\/fr\/wp-content\/uploads\/2020\/10\/20201001_114132-scaled.jpg\"><img loading=\"lazy\" width=\"1024\" height=\"461\" src=\"https:\/\/www.koklucemakina.com\/fr\/wp-content\/uploads\/2020\/10\/20201001_114132-1024x461.jpg\" alt=\"\" data-id=\"367\" data-full-url=\"https:\/\/www.koklucemakina.com\/fr\/wp-content\/uploads\/2020\/10\/20201001_114132-scaled.jpg\" data-link=\"https:\/\/www.koklucemakina.com\/fr\/20201001_114132\/\" class=\"wp-image-367\" srcset=\"https:\/\/www.koklucemakina.com\/fr\/wp-content\/uploads\/2020\/10\/20201001_114132-1024x461.jpg 1024w, https:\/\/www.koklucemakina.com\/fr\/wp-content\/uploads\/2020\/10\/20201001_114132-300x135.jpg 300w, https:\/\/www.koklucemakina.com\/fr\/wp-content\/uploads\/2020\/10\/20201001_114132-768x346.jpg 768w, https:\/\/www.koklucemakina.com\/fr\/wp-content\/uploads\/2020\/10\/20201001_114132-1536x692.jpg 1536w, https:\/\/www.koklucemakina.com\/fr\/wp-content\/uploads\/2020\/10\/20201001_114132-2048x922.jpg 2048w\" sizes=\"(max-width: 1024px) 100vw, 1024px\" \/><\/a><\/figure><\/li><li class=\"blocks-gallery-item\"><figure><a href=\"https:\/\/www.koklucemakina.com\/fr\/wp-content\/uploads\/2020\/10\/DSC_9258-1-scaled.jpg\"><img loading=\"lazy\" width=\"1024\" height=\"681\" src=\"https:\/\/www.koklucemakina.com\/fr\/wp-content\/uploads\/2020\/10\/DSC_9258-1-1024x681.jpg\" alt=\"\" data-id=\"539\" data-full-url=\"https:\/\/www.koklucemakina.com\/fr\/wp-content\/uploads\/2020\/10\/DSC_9258-1-scaled.jpg\" data-link=\"https:\/\/www.koklucemakina.com\/fr\/kaynak-hatti-2\/dsc_9258-1\/\" class=\"wp-image-539\" srcset=\"https:\/\/www.koklucemakina.com\/fr\/wp-content\/uploads\/2020\/10\/DSC_9258-1-1024x681.jpg 1024w, https:\/\/www.koklucemakina.com\/fr\/wp-content\/uploads\/2020\/10\/DSC_9258-1-300x199.jpg 300w, https:\/\/www.koklucemakina.com\/fr\/wp-content\/uploads\/2020\/10\/DSC_9258-1-768x511.jpg 768w, https:\/\/www.koklucemakina.com\/fr\/wp-content\/uploads\/2020\/10\/DSC_9258-1-1536x1021.jpg 1536w, https:\/\/www.koklucemakina.com\/fr\/wp-content\/uploads\/2020\/10\/DSC_9258-1-2048x1362.jpg 2048w\" sizes=\"(max-width: 1024px) 100vw, 1024px\" \/><\/a><\/figure><\/li><li class=\"blocks-gallery-item\"><figure><a href=\"https:\/\/www.koklucemakina.com\/fr\/wp-content\/uploads\/2020\/09\/DSC_9335-scaled-e1601618180961.jpg\"><img loading=\"lazy\" width=\"1024\" height=\"375\" src=\"https:\/\/www.koklucemakina.com\/fr\/wp-content\/uploads\/2020\/09\/DSC_9335-scaled-e1601618180961-1024x375.jpg\" alt=\"\" data-id=\"294\" data-full-url=\"https:\/\/www.koklucemakina.com\/fr\/wp-content\/uploads\/2020\/09\/DSC_9335-scaled-e1601618180961.jpg\" data-link=\"https:\/\/www.koklucemakina.com\/fr\/dsc_9335\/\" class=\"wp-image-294\" srcset=\"https:\/\/www.koklucemakina.com\/fr\/wp-content\/uploads\/2020\/09\/DSC_9335-scaled-e1601618180961-1024x375.jpg 1024w, https:\/\/www.koklucemakina.com\/fr\/wp-content\/uploads\/2020\/09\/DSC_9335-scaled-e1601618180961-300x110.jpg 300w, https:\/\/www.koklucemakina.com\/fr\/wp-content\/uploads\/2020\/09\/DSC_9335-scaled-e1601618180961-768x282.jpg 768w, https:\/\/www.koklucemakina.com\/fr\/wp-content\/uploads\/2020\/09\/DSC_9335-scaled-e1601618180961-1536x563.jpg 1536w, https:\/\/www.koklucemakina.com\/fr\/wp-content\/uploads\/2020\/09\/DSC_9335-scaled-e1601618180961-2048x751.jpg 2048w\" sizes=\"(max-width: 1024px) 100vw, 1024px\" \/><\/a><\/figure><\/li><li class=\"blocks-gallery-item\"><figure><a href=\"https:\/\/www.koklucemakina.com\/fr\/wp-content\/uploads\/2020\/09\/DSC_9333-scaled.jpg\"><img loading=\"lazy\" width=\"1024\" height=\"681\" src=\"https:\/\/www.koklucemakina.com\/fr\/wp-content\/uploads\/2020\/09\/DSC_9333-1024x681.jpg\" alt=\"\" data-id=\"295\" data-full-url=\"https:\/\/www.koklucemakina.com\/fr\/wp-content\/uploads\/2020\/09\/DSC_9333-scaled.jpg\" data-link=\"https:\/\/www.koklucemakina.com\/fr\/dsc_9333\/\" class=\"wp-image-295\" srcset=\"https:\/\/www.koklucemakina.com\/fr\/wp-content\/uploads\/2020\/09\/DSC_9333-1024x681.jpg 1024w, https:\/\/www.koklucemakina.com\/fr\/wp-content\/uploads\/2020\/09\/DSC_9333-300x199.jpg 300w, https:\/\/www.koklucemakina.com\/fr\/wp-content\/uploads\/2020\/09\/DSC_9333-768x511.jpg 768w, https:\/\/www.koklucemakina.com\/fr\/wp-content\/uploads\/2020\/09\/DSC_9333-1536x1021.jpg 1536w, https:\/\/www.koklucemakina.com\/fr\/wp-content\/uploads\/2020\/09\/DSC_9333-2048x1362.jpg 2048w\" sizes=\"(max-width: 1024px) 100vw, 1024px\" \/><\/a><\/figure><\/li><li class=\"blocks-gallery-item\"><figure><a href=\"https:\/\/www.koklucemakina.com\/fr\/wp-content\/uploads\/2020\/10\/IMG_1214-scaled.jpg\"><img loading=\"lazy\" width=\"1024\" height=\"683\" src=\"https:\/\/www.koklucemakina.com\/fr\/wp-content\/uploads\/2020\/10\/IMG_1214-1024x683.jpg\" alt=\"\" data-id=\"606\" data-full-url=\"https:\/\/www.koklucemakina.com\/fr\/wp-content\/uploads\/2020\/10\/IMG_1214-scaled.jpg\" data-link=\"https:\/\/www.koklucemakina.com\/fr\/kaynak-hatti-2\/img_1214\/\" class=\"wp-image-606\" srcset=\"https:\/\/www.koklucemakina.com\/fr\/wp-content\/uploads\/2020\/10\/IMG_1214-1024x683.jpg 1024w, https:\/\/www.koklucemakina.com\/fr\/wp-content\/uploads\/2020\/10\/IMG_1214-300x200.jpg 300w, https:\/\/www.koklucemakina.com\/fr\/wp-content\/uploads\/2020\/10\/IMG_1214-768x512.jpg 768w, https:\/\/www.koklucemakina.com\/fr\/wp-content\/uploads\/2020\/10\/IMG_1214-1536x1024.jpg 1536w, https:\/\/www.koklucemakina.com\/fr\/wp-content\/uploads\/2020\/10\/IMG_1214-2048x1365.jpg 2048w\" sizes=\"(max-width: 1024px) 100vw, 1024px\" \/><\/a><\/figure><\/li><\/ul><\/figure>\n\n\n\n<a class=\"wp-block-safirtema-safirbutton safirButton safiricon icon25\" href=\"https:\/\/www.koklucemakina.com\/fr\/iletisim\/\">Vous avez une question?<\/a>\n\n\n\n<p><br><\/p>\n","protected":false},"excerpt":{"rendered":"<p>Avec nos robots de soudage, nous assurons la continuit\u00e9 des param\u00e8tres de nufuzity et de soudage avec nos robots de derni\u00e8re technologie, qui fournissent une mani\u00e8re et une m\u00e9thode importantes dans la m\u00e9thode de production de produit parfaite et standard, et nous avons d\u00e9fini la perfection de la soudure robotique dans la fabrication de soudure. [&hellip;]<\/p>\n","protected":false},"author":1,"featured_media":427,"parent":0,"menu_order":0,"comment_status":"closed","ping_status":"closed","template":"","meta":[],"_links":{"self":[{"href":"https:\/\/www.koklucemakina.com\/fr\/wp-json\/wp\/v2\/pages\/462"}],"collection":[{"href":"https:\/\/www.koklucemakina.com\/fr\/wp-json\/wp\/v2\/pages"}],"about":[{"href":"https:\/\/www.koklucemakina.com\/fr\/wp-json\/wp\/v2\/types\/page"}],"author":[{"embeddable":true,"href":"https:\/\/www.koklucemakina.com\/fr\/wp-json\/wp\/v2\/users\/1"}],"replies":[{"embeddable":true,"href":"https:\/\/www.koklucemakina.com\/fr\/wp-json\/wp\/v2\/comments?post=462"}],"version-history":[{"count":19,"href":"https:\/\/www.koklucemakina.com\/fr\/wp-json\/wp\/v2\/pages\/462\/revisions"}],"predecessor-version":[{"id":945,"href":"https:\/\/www.koklucemakina.com\/fr\/wp-json\/wp\/v2\/pages\/462\/revisions\/945"}],"wp:featuredmedia":[{"embeddable":true,"href":"https:\/\/www.koklucemakina.com\/fr\/wp-json\/wp\/v2\/media\/427"}],"wp:attachment":[{"href":"https:\/\/www.koklucemakina.com\/fr\/wp-json\/wp\/v2\/media?parent=462"}],"curies":[{"name":"wp","href":"https:\/\/api.w.org\/{rel}","templated":true}]}}