{"id":796,"date":"2020-10-23T16:13:12","date_gmt":"2020-10-23T13:13:12","guid":{"rendered":"https:\/\/www.koklucemakina.com\/de\/?page_id=796"},"modified":"2021-01-25T15:01:51","modified_gmt":"2021-01-25T12:01:51","slug":"formen-verdrehen-blech-protatyp","status":"publish","type":"page","link":"https:\/\/www.koklucemakina.com\/de\/formen-verdrehen-blech-protatyp\/","title":{"rendered":"Formen \u2013 Verdrehen \u2013 Blech Protatyp"},"content":{"rendered":"\n<figure class=\"wp-block-image size-large\"><img loading=\"lazy\" width=\"1024\" height=\"682\" src=\"https:\/\/www.koklucemakina.com\/de\/wp-content\/uploads\/2020\/10\/6.3-1024x682.jpg\" alt=\"\" class=\"wp-image-709\" srcset=\"https:\/\/www.koklucemakina.com\/de\/wp-content\/uploads\/2020\/10\/6.3-1024x682.jpg 1024w, https:\/\/www.koklucemakina.com\/de\/wp-content\/uploads\/2020\/10\/6.3-300x200.jpg 300w, https:\/\/www.koklucemakina.com\/de\/wp-content\/uploads\/2020\/10\/6.3-768x512.jpg 768w, https:\/\/www.koklucemakina.com\/de\/wp-content\/uploads\/2020\/10\/6.3.jpg 1400w\" sizes=\"(max-width: 1024px) 100vw, 1024px\" \/><\/figure>\n\n\n\n<p>In diesem Prozess werden unsere Profil- und Blechrohstoffe f\u00fcr die n\u00e4chste Produktionslinie vorbereitet. Die Produktion erfolgt dank der von K\u00f6kl\u00fcce Makina Ingenieuren entworfenen Formen.<\/p>\n\n\n\n<div class=\"wp-block-safirtema-mainheading mainHeading\"><div class=\"inner\"><div class=\"icon safiricon icon53\"><\/div><div class=\"text\">Formen \u2013 Verdrehen \u2013 Blech Protatyp-Bilder<\/div><\/div><\/div>\n\n\n\n<figure class=\"wp-block-gallery columns-3 is-cropped\"><ul class=\"blocks-gallery-grid\"><li class=\"blocks-gallery-item\"><figure><a href=\"https:\/\/www.koklucemakina.com\/de\/wp-content\/uploads\/2020\/10\/6.3.jpg\"><img loading=\"lazy\" width=\"1024\" height=\"682\" src=\"https:\/\/www.koklucemakina.com\/de\/wp-content\/uploads\/2020\/10\/6.3-1024x682.jpg\" alt=\"\" data-id=\"709\" data-full-url=\"https:\/\/www.koklucemakina.com\/de\/wp-content\/uploads\/2020\/10\/6.3.jpg\" data-link=\"https:\/\/www.koklucemakina.com\/de\/profil__trashed\/6-3\/\" class=\"wp-image-709\" srcset=\"https:\/\/www.koklucemakina.com\/de\/wp-content\/uploads\/2020\/10\/6.3-1024x682.jpg 1024w, https:\/\/www.koklucemakina.com\/de\/wp-content\/uploads\/2020\/10\/6.3-300x200.jpg 300w, https:\/\/www.koklucemakina.com\/de\/wp-content\/uploads\/2020\/10\/6.3-768x512.jpg 768w, https:\/\/www.koklucemakina.com\/de\/wp-content\/uploads\/2020\/10\/6.3.jpg 1400w\" sizes=\"(max-width: 1024px) 100vw, 1024px\" \/><\/a><\/figure><\/li><li class=\"blocks-gallery-item\"><figure><a href=\"https:\/\/www.koklucemakina.com\/de\/wp-content\/uploads\/2020\/10\/IMAG0289-scaled.jpg\"><img loading=\"lazy\" width=\"1024\" height=\"579\" src=\"https:\/\/www.koklucemakina.com\/de\/wp-content\/uploads\/2020\/10\/IMAG0289-1024x579.jpg\" alt=\"\" data-id=\"710\" data-full-url=\"https:\/\/www.koklucemakina.com\/de\/wp-content\/uploads\/2020\/10\/IMAG0289-scaled.jpg\" data-link=\"https:\/\/www.koklucemakina.com\/de\/profil__trashed\/imag0289\/\" class=\"wp-image-710\" srcset=\"https:\/\/www.koklucemakina.com\/de\/wp-content\/uploads\/2020\/10\/IMAG0289-1024x579.jpg 1024w, https:\/\/www.koklucemakina.com\/de\/wp-content\/uploads\/2020\/10\/IMAG0289-300x170.jpg 300w, https:\/\/www.koklucemakina.com\/de\/wp-content\/uploads\/2020\/10\/IMAG0289-768x434.jpg 768w, https:\/\/www.koklucemakina.com\/de\/wp-content\/uploads\/2020\/10\/IMAG0289-1536x869.jpg 1536w, https:\/\/www.koklucemakina.com\/de\/wp-content\/uploads\/2020\/10\/IMAG0289-2048x1158.jpg 2048w\" sizes=\"(max-width: 1024px) 100vw, 1024px\" \/><\/a><\/figure><\/li><li class=\"blocks-gallery-item\"><figure><a href=\"https:\/\/www.koklucemakina.com\/de\/wp-content\/uploads\/2020\/10\/6.1.jpg\"><img loading=\"lazy\" width=\"1024\" height=\"682\" src=\"https:\/\/www.koklucemakina.com\/de\/wp-content\/uploads\/2020\/10\/6.1-1024x682.jpg\" alt=\"\" data-id=\"708\" data-full-url=\"https:\/\/www.koklucemakina.com\/de\/wp-content\/uploads\/2020\/10\/6.1.jpg\" data-link=\"https:\/\/www.koklucemakina.com\/de\/profil__trashed\/6-1\/\" class=\"wp-image-708\" srcset=\"https:\/\/www.koklucemakina.com\/de\/wp-content\/uploads\/2020\/10\/6.1-1024x682.jpg 1024w, https:\/\/www.koklucemakina.com\/de\/wp-content\/uploads\/2020\/10\/6.1-300x200.jpg 300w, https:\/\/www.koklucemakina.com\/de\/wp-content\/uploads\/2020\/10\/6.1-768x512.jpg 768w, https:\/\/www.koklucemakina.com\/de\/wp-content\/uploads\/2020\/10\/6.1.jpg 1400w\" sizes=\"(max-width: 1024px) 100vw, 1024px\" \/><\/a><\/figure><\/li><li class=\"blocks-gallery-item\"><figure><a href=\"https:\/\/www.koklucemakina.com\/de\/wp-content\/uploads\/2020\/10\/20201001_112746_Moment.jpg\"><img loading=\"lazy\" width=\"1024\" height=\"461\" src=\"https:\/\/www.koklucemakina.com\/de\/wp-content\/uploads\/2020\/10\/20201001_112746_Moment-1024x461.jpg\" alt=\"\" data-id=\"365\" data-full-url=\"https:\/\/www.koklucemakina.com\/de\/wp-content\/uploads\/2020\/10\/20201001_112746_Moment.jpg\" data-link=\"https:\/\/www.koklucemakina.com\/de\/20201001_112746_moment\/\" class=\"wp-image-365\" srcset=\"https:\/\/www.koklucemakina.com\/de\/wp-content\/uploads\/2020\/10\/20201001_112746_Moment-1024x461.jpg 1024w, https:\/\/www.koklucemakina.com\/de\/wp-content\/uploads\/2020\/10\/20201001_112746_Moment-300x135.jpg 300w, https:\/\/www.koklucemakina.com\/de\/wp-content\/uploads\/2020\/10\/20201001_112746_Moment-768x346.jpg 768w, https:\/\/www.koklucemakina.com\/de\/wp-content\/uploads\/2020\/10\/20201001_112746_Moment-1536x691.jpg 1536w, https:\/\/www.koklucemakina.com\/de\/wp-content\/uploads\/2020\/10\/20201001_112746_Moment-2048x922.jpg 2048w\" sizes=\"(max-width: 1024px) 100vw, 1024px\" \/><\/a><\/figure><\/li><\/ul><\/figure>\n\n\n\n<a class=\"wp-block-safirtema-safirbutton safirButton safiricon icon25\" href=\"https:\/\/www.koklucemakina.com\/de\/iletisim\/\">Haben Sie Fragen ?<\/a>\n","protected":false},"excerpt":{"rendered":"<p>In diesem Prozess werden unsere Profil- und Blechrohstoffe f\u00fcr die n\u00e4chste Produktionslinie vorbereitet. Die Produktion erfolgt dank der von K\u00f6kl\u00fcce Makina Ingenieuren entworfenen Formen.<\/p>\n","protected":false},"author":1,"featured_media":709,"parent":0,"menu_order":0,"comment_status":"closed","ping_status":"closed","template":"","meta":[],"_links":{"self":[{"href":"https:\/\/www.koklucemakina.com\/de\/wp-json\/wp\/v2\/pages\/796"}],"collection":[{"href":"https:\/\/www.koklucemakina.com\/de\/wp-json\/wp\/v2\/pages"}],"about":[{"href":"https:\/\/www.koklucemakina.com\/de\/wp-json\/wp\/v2\/types\/page"}],"author":[{"embeddable":true,"href":"https:\/\/www.koklucemakina.com\/de\/wp-json\/wp\/v2\/users\/1"}],"replies":[{"embeddable":true,"href":"https:\/\/www.koklucemakina.com\/de\/wp-json\/wp\/v2\/comments?post=796"}],"version-history":[{"count":8,"href":"https:\/\/www.koklucemakina.com\/de\/wp-json\/wp\/v2\/pages\/796\/revisions"}],"predecessor-version":[{"id":888,"href":"https:\/\/www.koklucemakina.com\/de\/wp-json\/wp\/v2\/pages\/796\/revisions\/888"}],"wp:featuredmedia":[{"embeddable":true,"href":"https:\/\/www.koklucemakina.com\/de\/wp-json\/wp\/v2\/media\/709"}],"wp:attachment":[{"href":"https:\/\/www.koklucemakina.com\/de\/wp-json\/wp\/v2\/media?parent=796"}],"curies":[{"name":"wp","href":"https:\/\/api.w.org\/{rel}","templated":true}]}}