{"id":465,"date":"2020-10-05T08:55:33","date_gmt":"2020-10-05T05:55:33","guid":{"rendered":"https:\/\/www.koklucemakina.com\/de\/?page_id=465"},"modified":"2021-01-25T15:00:55","modified_gmt":"2021-01-25T12:00:55","slug":"ktl-bescichtung-lackiererei","status":"publish","type":"page","link":"https:\/\/www.koklucemakina.com\/de\/ktl-bescichtung-lackiererei\/","title":{"rendered":"KTL-Bescichtung &#038; Lackiererei"},"content":{"rendered":"\n<figure class=\"wp-block-image size-large\"><img loading=\"lazy\" width=\"1024\" height=\"682\" src=\"https:\/\/www.koklucemakina.com\/de\/wp-content\/uploads\/2020\/10\/IMG_4830-1024x682.jpg\" alt=\"\" class=\"wp-image-541\" srcset=\"https:\/\/www.koklucemakina.com\/de\/wp-content\/uploads\/2020\/10\/IMG_4830-1024x682.jpg 1024w, https:\/\/www.koklucemakina.com\/de\/wp-content\/uploads\/2020\/10\/IMG_4830-300x200.jpg 300w, https:\/\/www.koklucemakina.com\/de\/wp-content\/uploads\/2020\/10\/IMG_4830-768x511.jpg 768w, https:\/\/www.koklucemakina.com\/de\/wp-content\/uploads\/2020\/10\/IMG_4830-1536x1022.jpg 1536w, https:\/\/www.koklucemakina.com\/de\/wp-content\/uploads\/2020\/10\/IMG_4830.jpg 1600w\" sizes=\"(max-width: 1024px) 100vw, 1024px\" \/><\/figure>\n\n\n\n<div class=\"wp-block-safirtema-mainheading mainHeading\"><div class=\"inner\"><div class=\"icon safiricon icon15\"><\/div><div class=\"text\">KTL-Bescichtung<\/div><\/div><\/div>\n\n\n\n<p>          <\/p>\n\n\n\n<p>Die KTL-Anlage verf\u00fcgt \u00fcber ein umweltfreundliches System ohne Abfall mit einer Galvanikmethode, die aus mehr als einem Prozess besteht. Es handelt sich um ein Beschichtungsverfahren nach dem Stand der Technik, das Metall zu 100% best\u00e4ndig macht und weitere Korrosion verhindert. Unsere Anlage besteht aus 14 B\u00e4dern und verleiht dem Metall nach Zinkfosfat behandlung und durch die KTL-Beschichtung Korrosionsschutz.<\/p>\n\n\n\n<div class=\"wp-block-safirtema-mainheading mainHeading\"><div class=\"inner\"><div class=\"icon safiricon icon15\"><\/div><div class=\"text\">Lackiererei<\/div><\/div><\/div>\n\n\n\n<p>In unserer Lackiererei tragen wir Acryl-Nassfarbe auf unsere vollautomatischen Farbf\u00f6rderer auf KTL-Beschichtung auf. Wir bereiten alle von unseren Kunden gew\u00fcnschten Farben und Glanzfarben entsprechend den Umwelt- und Qualit\u00e4tserwartungen vor und realisieren unsere Anwendung.<\/p>\n\n\n\n<div class=\"wp-block-safirtema-mainheading mainHeading\"><div class=\"inner\"><div class=\"icon safiricon icon53\"><\/div><div class=\"text\">Produktionsbezogene Bilder<\/div><\/div><\/div>\n\n\n\n<figure class=\"wp-block-gallery columns-3 is-cropped\"><ul class=\"blocks-gallery-grid\"><li class=\"blocks-gallery-item\"><figure><a href=\"https:\/\/www.koklucemakina.com\/de\/wp-content\/uploads\/2020\/10\/DSCF7683-scaled.jpg\"><img loading=\"lazy\" width=\"1024\" height=\"683\" src=\"https:\/\/www.koklucemakina.com\/de\/wp-content\/uploads\/2020\/10\/DSCF7683-1024x683.jpg\" alt=\"\" data-id=\"608\" data-full-url=\"https:\/\/www.koklucemakina.com\/de\/wp-content\/uploads\/2020\/10\/DSCF7683-scaled.jpg\" data-link=\"https:\/\/www.koklucemakina.com\/de\/kataforez-kaplama-boya\/dscf7683\/\" class=\"wp-image-608\" srcset=\"https:\/\/www.koklucemakina.com\/de\/wp-content\/uploads\/2020\/10\/DSCF7683-1024x683.jpg 1024w, https:\/\/www.koklucemakina.com\/de\/wp-content\/uploads\/2020\/10\/DSCF7683-300x200.jpg 300w, https:\/\/www.koklucemakina.com\/de\/wp-content\/uploads\/2020\/10\/DSCF7683-768x512.jpg 768w, https:\/\/www.koklucemakina.com\/de\/wp-content\/uploads\/2020\/10\/DSCF7683-1536x1024.jpg 1536w, https:\/\/www.koklucemakina.com\/de\/wp-content\/uploads\/2020\/10\/DSCF7683-2048x1365.jpg 2048w\" sizes=\"(max-width: 1024px) 100vw, 1024px\" \/><\/a><\/figure><\/li><li class=\"blocks-gallery-item\"><figure><a href=\"https:\/\/www.koklucemakina.com\/de\/wp-content\/uploads\/2020\/10\/IMG_4839-Kopya.jpg\"><img loading=\"lazy\" width=\"1024\" height=\"682\" src=\"https:\/\/www.koklucemakina.com\/de\/wp-content\/uploads\/2020\/10\/IMG_4839-Kopya-1024x682.jpg\" alt=\"\" data-id=\"610\" data-full-url=\"https:\/\/www.koklucemakina.com\/de\/wp-content\/uploads\/2020\/10\/IMG_4839-Kopya.jpg\" data-link=\"https:\/\/www.koklucemakina.com\/de\/kataforez-kaplama-boya\/img_4839-kopya\/\" class=\"wp-image-610\" srcset=\"https:\/\/www.koklucemakina.com\/de\/wp-content\/uploads\/2020\/10\/IMG_4839-Kopya-1024x682.jpg 1024w, https:\/\/www.koklucemakina.com\/de\/wp-content\/uploads\/2020\/10\/IMG_4839-Kopya-300x200.jpg 300w, https:\/\/www.koklucemakina.com\/de\/wp-content\/uploads\/2020\/10\/IMG_4839-Kopya-768x512.jpg 768w, https:\/\/www.koklucemakina.com\/de\/wp-content\/uploads\/2020\/10\/IMG_4839-Kopya-1536x1023.jpg 1536w, https:\/\/www.koklucemakina.com\/de\/wp-content\/uploads\/2020\/10\/IMG_4839-Kopya.jpg 1600w\" sizes=\"(max-width: 1024px) 100vw, 1024px\" \/><\/a><\/figure><\/li><li class=\"blocks-gallery-item\"><figure><a href=\"https:\/\/www.koklucemakina.com\/de\/wp-content\/uploads\/2020\/10\/KATAFOREZ-TESIS-scaled.jpg\"><img loading=\"lazy\" width=\"1024\" height=\"683\" src=\"https:\/\/www.koklucemakina.com\/de\/wp-content\/uploads\/2020\/10\/KATAFOREZ-TESIS-1024x683.jpg\" alt=\"\" data-id=\"612\" data-full-url=\"https:\/\/www.koklucemakina.com\/de\/wp-content\/uploads\/2020\/10\/KATAFOREZ-TESIS-scaled.jpg\" data-link=\"https:\/\/www.koklucemakina.com\/de\/kataforez-kaplama-boya\/kataforez-tesis-2\/\" class=\"wp-image-612\" srcset=\"https:\/\/www.koklucemakina.com\/de\/wp-content\/uploads\/2020\/10\/KATAFOREZ-TESIS-1024x683.jpg 1024w, https:\/\/www.koklucemakina.com\/de\/wp-content\/uploads\/2020\/10\/KATAFOREZ-TESIS-300x200.jpg 300w, https:\/\/www.koklucemakina.com\/de\/wp-content\/uploads\/2020\/10\/KATAFOREZ-TESIS-768x512.jpg 768w, https:\/\/www.koklucemakina.com\/de\/wp-content\/uploads\/2020\/10\/KATAFOREZ-TESIS-1536x1024.jpg 1536w, https:\/\/www.koklucemakina.com\/de\/wp-content\/uploads\/2020\/10\/KATAFOREZ-TESIS-2048x1365.jpg 2048w\" sizes=\"(max-width: 1024px) 100vw, 1024px\" \/><\/a><\/figure><\/li><li class=\"blocks-gallery-item\"><figure><a href=\"https:\/\/www.koklucemakina.com\/de\/wp-content\/uploads\/2020\/10\/kataforez-yedek-2.jpg\"><img loading=\"lazy\" width=\"1024\" height=\"682\" src=\"https:\/\/www.koklucemakina.com\/de\/wp-content\/uploads\/2020\/10\/kataforez-yedek-2-1024x682.jpg\" alt=\"\" data-id=\"614\" data-full-url=\"https:\/\/www.koklucemakina.com\/de\/wp-content\/uploads\/2020\/10\/kataforez-yedek-2.jpg\" data-link=\"https:\/\/www.koklucemakina.com\/de\/kataforez-kaplama-boya\/kataforez-yedek-2\/\" class=\"wp-image-614\" srcset=\"https:\/\/www.koklucemakina.com\/de\/wp-content\/uploads\/2020\/10\/kataforez-yedek-2-1024x682.jpg 1024w, https:\/\/www.koklucemakina.com\/de\/wp-content\/uploads\/2020\/10\/kataforez-yedek-2-300x200.jpg 300w, https:\/\/www.koklucemakina.com\/de\/wp-content\/uploads\/2020\/10\/kataforez-yedek-2-768x511.jpg 768w, https:\/\/www.koklucemakina.com\/de\/wp-content\/uploads\/2020\/10\/kataforez-yedek-2-1536x1022.jpg 1536w, https:\/\/www.koklucemakina.com\/de\/wp-content\/uploads\/2020\/10\/kataforez-yedek-2.jpg 1600w\" sizes=\"(max-width: 1024px) 100vw, 1024px\" \/><\/a><\/figure><\/li><li class=\"blocks-gallery-item\"><figure><a href=\"https:\/\/www.koklucemakina.com\/de\/wp-content\/uploads\/2020\/10\/DSCF7683-1-scaled.jpg\"><img loading=\"lazy\" width=\"1024\" height=\"683\" src=\"https:\/\/www.koklucemakina.com\/de\/wp-content\/uploads\/2020\/10\/DSCF7683-1-1024x683.jpg\" alt=\"\" data-id=\"716\" data-full-url=\"https:\/\/www.koklucemakina.com\/de\/wp-content\/uploads\/2020\/10\/DSCF7683-1-scaled.jpg\" data-link=\"https:\/\/www.koklucemakina.com\/de\/kataforez-kaplama-boya\/dscf7683-2\/\" class=\"wp-image-716\" srcset=\"https:\/\/www.koklucemakina.com\/de\/wp-content\/uploads\/2020\/10\/DSCF7683-1-1024x683.jpg 1024w, https:\/\/www.koklucemakina.com\/de\/wp-content\/uploads\/2020\/10\/DSCF7683-1-300x200.jpg 300w, https:\/\/www.koklucemakina.com\/de\/wp-content\/uploads\/2020\/10\/DSCF7683-1-768x512.jpg 768w, https:\/\/www.koklucemakina.com\/de\/wp-content\/uploads\/2020\/10\/DSCF7683-1-1536x1024.jpg 1536w, https:\/\/www.koklucemakina.com\/de\/wp-content\/uploads\/2020\/10\/DSCF7683-1-2048x1365.jpg 2048w\" sizes=\"(max-width: 1024px) 100vw, 1024px\" \/><\/a><\/figure><\/li><li class=\"blocks-gallery-item\"><figure><a href=\"https:\/\/www.koklucemakina.com\/de\/wp-content\/uploads\/2020\/10\/IMG_4832.jpg\"><img loading=\"lazy\" width=\"1024\" height=\"682\" src=\"https:\/\/www.koklucemakina.com\/de\/wp-content\/uploads\/2020\/10\/IMG_4832-1024x682.jpg\" alt=\"\" data-id=\"717\" data-full-url=\"https:\/\/www.koklucemakina.com\/de\/wp-content\/uploads\/2020\/10\/IMG_4832.jpg\" data-link=\"https:\/\/www.koklucemakina.com\/de\/kataforez-kaplama-boya\/img_4832\/\" class=\"wp-image-717\" srcset=\"https:\/\/www.koklucemakina.com\/de\/wp-content\/uploads\/2020\/10\/IMG_4832-1024x682.jpg 1024w, https:\/\/www.koklucemakina.com\/de\/wp-content\/uploads\/2020\/10\/IMG_4832-300x200.jpg 300w, https:\/\/www.koklucemakina.com\/de\/wp-content\/uploads\/2020\/10\/IMG_4832-768x512.jpg 768w, https:\/\/www.koklucemakina.com\/de\/wp-content\/uploads\/2020\/10\/IMG_4832-1536x1023.jpg 1536w, https:\/\/www.koklucemakina.com\/de\/wp-content\/uploads\/2020\/10\/IMG_4832.jpg 1600w\" sizes=\"(max-width: 1024px) 100vw, 1024px\" \/><\/a><\/figure><\/li><li class=\"blocks-gallery-item\"><figure><a href=\"https:\/\/www.koklucemakina.com\/de\/wp-content\/uploads\/2020\/10\/IMG_4840-Kopya-1.jpg\"><img loading=\"lazy\" width=\"1024\" height=\"682\" src=\"https:\/\/www.koklucemakina.com\/de\/wp-content\/uploads\/2020\/10\/IMG_4840-Kopya-1-1024x682.jpg\" alt=\"\" data-id=\"718\" data-full-url=\"https:\/\/www.koklucemakina.com\/de\/wp-content\/uploads\/2020\/10\/IMG_4840-Kopya-1.jpg\" data-link=\"https:\/\/www.koklucemakina.com\/de\/kataforez-kaplama-boya\/img_4840-kopya-2\/\" class=\"wp-image-718\" srcset=\"https:\/\/www.koklucemakina.com\/de\/wp-content\/uploads\/2020\/10\/IMG_4840-Kopya-1-1024x682.jpg 1024w, https:\/\/www.koklucemakina.com\/de\/wp-content\/uploads\/2020\/10\/IMG_4840-Kopya-1-300x200.jpg 300w, https:\/\/www.koklucemakina.com\/de\/wp-content\/uploads\/2020\/10\/IMG_4840-Kopya-1-768x512.jpg 768w, https:\/\/www.koklucemakina.com\/de\/wp-content\/uploads\/2020\/10\/IMG_4840-Kopya-1-1536x1023.jpg 1536w, https:\/\/www.koklucemakina.com\/de\/wp-content\/uploads\/2020\/10\/IMG_4840-Kopya-1.jpg 1600w\" sizes=\"(max-width: 1024px) 100vw, 1024px\" \/><\/a><\/figure><\/li><li class=\"blocks-gallery-item\"><figure><a href=\"https:\/\/www.koklucemakina.com\/de\/wp-content\/uploads\/2020\/10\/kataforez-yedek-1-scaled.jpg\"><img loading=\"lazy\" width=\"1024\" height=\"683\" src=\"https:\/\/www.koklucemakina.com\/de\/wp-content\/uploads\/2020\/10\/kataforez-yedek-1-1024x683.jpg\" alt=\"\" data-id=\"719\" data-full-url=\"https:\/\/www.koklucemakina.com\/de\/wp-content\/uploads\/2020\/10\/kataforez-yedek-1-scaled.jpg\" data-link=\"https:\/\/www.koklucemakina.com\/de\/kataforez-kaplama-boya\/kataforez-yedek-1\/\" class=\"wp-image-719\" srcset=\"https:\/\/www.koklucemakina.com\/de\/wp-content\/uploads\/2020\/10\/kataforez-yedek-1-1024x683.jpg 1024w, https:\/\/www.koklucemakina.com\/de\/wp-content\/uploads\/2020\/10\/kataforez-yedek-1-300x200.jpg 300w, https:\/\/www.koklucemakina.com\/de\/wp-content\/uploads\/2020\/10\/kataforez-yedek-1-768x512.jpg 768w, https:\/\/www.koklucemakina.com\/de\/wp-content\/uploads\/2020\/10\/kataforez-yedek-1-1536x1024.jpg 1536w, https:\/\/www.koklucemakina.com\/de\/wp-content\/uploads\/2020\/10\/kataforez-yedek-1-2048x1365.jpg 2048w\" sizes=\"(max-width: 1024px) 100vw, 1024px\" \/><\/a><\/figure><\/li><\/ul><\/figure>\n\n\n\n<p><\/p>\n\n\n\n<p><\/p>\n\n\n\n<a class=\"wp-block-safirtema-safirbutton safirButton safiricon icon25\" href=\"https:\/\/www.koklucemakina.com\/de\/iletisim\/\">Haben Sie Fragen ?<\/a>\n\n\n\n<p><\/p>\n\n\n\n<p><br><\/p>\n","protected":false},"excerpt":{"rendered":"<p>Die KTL-Anlage verf\u00fcgt \u00fcber ein umweltfreundliches System ohne Abfall mit einer Galvanikmethode, die aus mehr als einem Prozess besteht. Es handelt sich um ein Beschichtungsverfahren nach dem Stand der Technik, das Metall zu 100% best\u00e4ndig macht und weitere Korrosion verhindert. Unsere Anlage besteht aus 14 B\u00e4dern und verleiht dem Metall nach Zinkfosfat behandlung und durch [&hellip;]<\/p>\n","protected":false},"author":1,"featured_media":293,"parent":0,"menu_order":0,"comment_status":"closed","ping_status":"closed","template":"","meta":[],"_links":{"self":[{"href":"https:\/\/www.koklucemakina.com\/de\/wp-json\/wp\/v2\/pages\/465"}],"collection":[{"href":"https:\/\/www.koklucemakina.com\/de\/wp-json\/wp\/v2\/pages"}],"about":[{"href":"https:\/\/www.koklucemakina.com\/de\/wp-json\/wp\/v2\/types\/page"}],"author":[{"embeddable":true,"href":"https:\/\/www.koklucemakina.com\/de\/wp-json\/wp\/v2\/users\/1"}],"replies":[{"embeddable":true,"href":"https:\/\/www.koklucemakina.com\/de\/wp-json\/wp\/v2\/comments?post=465"}],"version-history":[{"count":19,"href":"https:\/\/www.koklucemakina.com\/de\/wp-json\/wp\/v2\/pages\/465\/revisions"}],"predecessor-version":[{"id":884,"href":"https:\/\/www.koklucemakina.com\/de\/wp-json\/wp\/v2\/pages\/465\/revisions\/884"}],"wp:featuredmedia":[{"embeddable":true,"href":"https:\/\/www.koklucemakina.com\/de\/wp-json\/wp\/v2\/media\/293"}],"wp:attachment":[{"href":"https:\/\/www.koklucemakina.com\/de\/wp-json\/wp\/v2\/media?parent=465"}],"curies":[{"name":"wp","href":"https:\/\/api.w.org\/{rel}","templated":true}]}}